{"id":2991,"date":"2022-08-09T03:19:14","date_gmt":"2022-08-09T00:19:14","guid":{"rendered":"https:\/\/yourcar.rentals\/?page_id=2991"},"modified":"2024-09-29T18:57:33","modified_gmt":"2024-09-29T15:57:33","slug":"book-cars","status":"publish","type":"page","link":"https:\/\/yourcar.rentals\/tr\/book-cars\/","title":{"rendered":"\u015eimdi Rezervasyon Yap"},"content":{"rendered":"<div id=\"pl-2991\"  class=\"panel-layout\" ><div id=\"pg-2991-0\"  class=\"panel-grid panel-has-style\" ><div class=\"siteorigin-panels-stretch panel-row-style panel-row-style-for-2991-0\" data-stretch-type=\"full\" ><div id=\"pgc-2991-0-0\"  class=\"panel-grid-cell\" ><div id=\"panel-2991-0-0-0\" class=\"so-panel widget widget_sow-editor panel-first-child\" data-index=\"0\" ><div\n\t\t\t\n\t\t\tclass=\"so-widget-sow-editor so-widget-sow-editor-base\"\n\t\t\t\n\t\t>\n<div class=\"siteorigin-widget-tinymce textwidget\">\n\t<p style=\"text-align: center;\"><span style=\"color: #ffffff;\">Ara\u00e7 Kiralama talebinizi bize g\u00f6nderin<\/span><\/p>\n<p style=\"text-align: center;\"><span style=\"color: #ffffff;\">Kiral\u0131k Araban\u0131z\u0131 \u015furada rezerve edin <strong>Selanik<\/strong> - <strong>Halkidiki<\/strong> (Chalkidiki) - <strong>Selanik Havaliman\u0131<\/strong><\/span><\/p>\n<\/div>\n<\/div><\/div><div id=\"panel-2991-0-0-1\" class=\"so-panel widget widget_sow-editor\" data-index=\"1\" ><div class=\"panel-widget-style panel-widget-style-for-2991-0-0-1\" ><div\n\t\t\t\n\t\t\tclass=\"so-widget-sow-editor so-widget-sow-editor-base\"\n\t\t\t\n\t\t>\n<div class=\"siteorigin-widget-tinymce textwidget\">\n\t<h1 style=\"text-align: center;\"><span style=\"color: #ffffff;\">Ara\u00e7 Kiralama Rezervasyon Talebi<\/span><\/h1>\n<\/div>\n<\/div><\/div><\/div><div id=\"panel-2991-0-0-2\" class=\"so-panel widget widget_text panel-last-child\" data-index=\"2\" ><div class=\"panel-widget-style panel-widget-style-for-2991-0-0-2\" >\t\t\t<div class=\"textwidget\"><div class=\"wpcf7 no-js\" id=\"wpcf7-f2840-o1\" lang=\"en-US\" dir=\"ltr\" data-wpcf7-id=\"2840\">\n<div class=\"screen-reader-response\">\n<p role=\"status\" aria-live=\"polite\" aria-atomic=\"true\">\n<ul><\/ul>\n<\/div>\n<form action=\"\/tr\/wp-json\/wp\/v2\/pages\/2991#wpcf7-f2840-o1\" method=\"post\" class=\"wpcf7-form init\" aria-label=\"\u0130leti\u015fim Formu\" novalidate=\"novalidate\" data-status=\"init\" data-trp-original-action=\"\/tr\/wp-json\/wp\/v2\/pages\/2991#wpcf7-f2840-o1\">\n<fieldset class=\"hidden-fields-container\"><input type=\"hidden\" name=\"_wpcf7\" value=\"2840\" \/><input type=\"hidden\" name=\"_wpcf7_version\" value=\"6.1.4\" \/><input type=\"hidden\" name=\"_wpcf7_locale\" value=\"en_US\" \/><input type=\"hidden\" name=\"_wpcf7_unit_tag\" value=\"wpcf7-f2840-o1\" \/><input type=\"hidden\" name=\"_wpcf7_container_post\" value=\"0\" \/><input type=\"hidden\" name=\"_wpcf7_posted_data_hash\" value=\"\" \/><input type=\"hidden\" name=\"_wpcf7_recaptcha_response\" value=\"\" \/><br \/>\n<\/fieldset>\n<p><span class=\"wpcf7-form-control-wrap recaptcha\" data-name=\"recaptcha\"><span data-sitekey=\"6Lc6Q2koAAAAACnv9dyPL3cTEjNagqY88lc-gtla\" class=\"wpcf7-form-control wpcf7-recaptcha g-recaptcha\"><\/span><br \/>\n<noscript><\/p>\n<div class=\"grecaptcha-noscript\">\n\t\t<iframe src=\"https:\/\/www.google.com\/recaptcha\/api\/fallback?k=6Lc6Q2koAAAAACnv9dyPL3cTEjNagqY88lc-gtla\" frameborder=\"0\" scrolling=\"no\"><br \/>\n\t\t<\/iframe><br \/>\n\t\t<textarea name=\"g-recaptcha-response\" rows=\"3\" cols=\"40\" placeholder=\"reCaptcha Yan\u0131t\u0131 Burada\"><br \/>\n\t\t<\/textarea>\n\t<\/div>\n<p><\/noscript><br \/>\n<\/span><\/p>\n<div class=\"row\">\n<div class=\"col-12\">\n<p><span class=\"wpcf7-form-control-wrap\" data-name=\"menu-767\"><select class=\"wpcf7-form-control wpcf7-select wpcf7-validates-as-required\" aria-required=\"true\" aria-invalid=\"false\" multiple=\"multiple\" name=\"menu-767[]\"><option value=\"Category A (small\/economy)\">Kategori A (k\u00fc\u00e7\u00fck\/ekonomik)<\/option><option value=\"Category B (medium)\">Kategori B (orta)<\/option><option value=\"Category C (family car)\">Kategori C (aile arabas\u0131)<\/option><option value=\"Category D (open\/cabrio)\">D Kategorisi (a\u00e7\u0131k\/kabrio)<\/option><option value=\"Category E (jeep 4x4)\">Kategori E (cip 4\u00d74)<\/option><option value=\"LUXURY CARS (specify below)\">L\u00dcKS ARABALAR (a\u015fa\u011f\u0131da belirtin)<\/option><option value=\"OTHER (please specify below)\">D\u0130\u011eER (l\u00fctfen a\u015fa\u011f\u0131da belirtin)<\/option><\/select><\/span>\n\t\t<\/p>\n<\/p><\/div>\n<div class=\"col-12\">\n<p><span class=\"wpcf7-form-control-wrap\" data-name=\"date-493\"><input class=\"wpcf7-form-control wpcf7-date wpcf7-validates-as-date\" aria-invalid=\"false\" placeholder=\"\u0130stenen Ara\u00e7 Kiralama Tarihleri\" value=\"\" type=\"date\" name=\"date-493\" \/><\/span>\n\t\t<\/p>\n<\/p><\/div>\n<div class=\"col-12\">\n<p><span class=\"wpcf7-form-control-wrap\" data-name=\"number-69\"><input class=\"wpcf7-form-control wpcf7-number wpcf7-validates-as-required wpcf7-validates-as-number\" min=\"1\" max=\"125\" aria-required=\"true\" aria-invalid=\"false\" placeholder=\"Kiralama S\u00fcresi, ka\u00e7 g\u00fcn...\" value=\"\" type=\"number\" name=\"number-69\" \/><\/span>\n\t\t<\/p>\n<\/p><\/div>\n<div class=\"col-12\">\n<p><span class=\"wpcf7-form-control-wrap\" data-name=\"your-name\"><input size=\"40\" maxlength=\"400\" class=\"wpcf7-form-control wpcf7-text wpcf7-validates-as-required form-control\" aria-required=\"true\" aria-invalid=\"false\" placeholder=\"Ad\u0131n\u0131z*\" value=\"\" type=\"text\" name=\"your-name\" \/><\/span>\n\t\t<\/p>\n<\/p><\/div>\n<div class=\"col-12\">\n<p><span class=\"wpcf7-form-control-wrap\" data-name=\"your-number\"><input size=\"40\" maxlength=\"400\" class=\"wpcf7-form-control wpcf7-tel wpcf7-text wpcf7-validates-as-tel form-control\" aria-invalid=\"false\" placeholder=\"Telefon numaras\u0131\" value=\"\" type=\"tel\" name=\"your-number\" \/><\/span>\n\t\t<\/p>\n<\/p><\/div>\n<div class=\"col-12\">\n<p><span class=\"wpcf7-form-control-wrap\" data-name=\"your-email\"><input size=\"40\" maxlength=\"400\" class=\"wpcf7-form-control wpcf7-email wpcf7-validates-as-required wpcf7-text wpcf7-validates-as-email form-control\" aria-required=\"true\" aria-invalid=\"false\" placeholder=\"E-posta* (do\u011fru yaz\u0131ld\u0131\u011f\u0131ndan emin olun!!)\" value=\"\" type=\"email\" name=\"your-email\" \/><\/span>\n\t\t<\/p>\n<\/p><\/div>\n<div class=\"col-12\">\n<p><span class=\"wpcf7-form-control-wrap\" data-name=\"your-message\"><textarea cols=\"40\" rows=\"10\" maxlength=\"2000\" class=\"wpcf7-form-control wpcf7-textarea form-control\" aria-invalid=\"false\" placeholder=\"Mesaj\u0131n\u0131z... L\u00fctfen bize notlar\u0131n\u0131z\u0131 yaz\u0131n, \u00f6rne\u011fin araban\u0131n teslimi\/d\u00f6n\u00fc\u015f saati ve yeri, \u00f6zel gereksinimleriniz vb. L\u00fctfen Bebek Koltuklar\u0131n\u0131n ve ek s\u00fcr\u00fcc\u00fclerin \u00dcCRETS\u0130Z oldu\u011funu unutmay\u0131n.\" name=\"your-message\"><\/textarea><\/span><input class=\"wpcf7-form-control wpcf7-submit has-spinner btn pull-right btn-dark btn-block\" type=\"submit\" value=\"Mesaj g\u00f6nder\" \/>\n\t\t<\/p>\n<\/p><\/div>\n<\/div>\n<div class=\"wpcf7-response-output\" aria-hidden=\"true\"><\/div>\n<input type=\"hidden\" name=\"trp-form-language\" value=\"tr\"\/><\/form>\n<\/div>\n<\/div>\n\t\t<\/div><\/div><\/div><\/div><\/div><div id=\"pg-2991-1\"  class=\"panel-grid panel-has-style\" ><div class=\"panel-row-style panel-row-style-for-2991-1\" ><div id=\"pgc-2991-1-0\"  class=\"panel-grid-cell\" ><div id=\"panel-2991-1-0-0\" class=\"so-panel widget widget_sow-editor panel-first-child panel-last-child\" data-index=\"3\" ><div class=\"panel-widget-style panel-widget-style-for-2991-1-0-0\" ><div\n\t\t\t\n\t\t\tclass=\"so-widget-sow-editor so-widget-sow-editor-base\"\n\t\t\t\n\t\t>\n<div class=\"siteorigin-widget-tinymce textwidget\">\n\t<p><img loading=\"lazy\" decoding=\"async\" class=\"size-full wp-image-646 alignleft\" style=\"margin-top: 0px;\" src=\"https:\/\/xml-io.proteusthemes.com\/growthpress\/wp-content\/uploads\/sites\/65\/2017\/08\/photo26.png\" alt=\"\" width=\"150\" height=\"150\" srcset=\"https:\/\/yourcar.rentals\/wp-content\/uploads\/photo26.png 150w, https:\/\/yourcar.rentals\/wp-content\/uploads\/photo26-100x100.png 100w\" sizes=\"auto, (max-width: 150px) 100vw, 150px\" \/><\/p>\n<p><span style=\"text-align: left;\">\u00a0<span style=\"color: #253953;\">+30-6988-558494 (mafya)<br \/>\n<\/span><\/span><a href=\"mailto:sales@yourcar.rentals\"><span style=\"color: #1871c9; line-height: 50px;\">sat\u0131\u015f@araban\u0131z.kiralama<\/span><\/a><\/p>\n<p>&nbsp;<\/p>\n<p><span style=\"color: #253953;\">Ethnikis Antistaseos 53, Selanik,<br \/>\nMAKEDONYA YUNAN\u0130STAN<\/span><\/p>\n<\/div>\n<\/div><\/div><\/div><\/div><\/div><\/div><div id=\"pg-2991-2\"  class=\"panel-grid panel-has-style\" ><div class=\"siteorigin-panels-stretch panel-row-style panel-row-style-for-2991-2\" data-stretch-type=\"full\" ><div id=\"pgc-2991-2-0\"  class=\"panel-grid-cell\" ><div id=\"panel-2991-2-0-0\" class=\"so-panel widget widget_sow-editor panel-first-child panel-last-child\" data-index=\"4\" ><div class=\"panel-widget-style panel-widget-style-for-2991-2-0-0\" ><div\n\t\t\t\n\t\t\tclass=\"so-widget-sow-editor so-widget-sow-editor-base\"\n\t\t\t\n\t\t>\n<div class=\"siteorigin-widget-tinymce textwidget\">\n\t<h5 style=\"text-align: center;\">Daha h\u0131zl\u0131 bir cevap m\u0131 ar\u0131yorsunuz? \u00a0\u00a0<a href=\"https:\/\/yourcar.rentals\/tr\/contact\/\"><span class=\"icon-container\"><span class=\"fa fa-comment\" style=\"color:#1871c9;\"><\/span><\/span> Bize Do\u011frudan Telefon Edin<\/a><\/h5>\n<\/div>\n<\/div><\/div><\/div><\/div><\/div><\/div><div id=\"pg-2991-3\"  class=\"panel-grid panel-has-style\" ><div class=\"siteorigin-panels-stretch panel-row-style panel-row-style-for-2991-3\" data-stretch-type=\"full\" ><div id=\"pgc-2991-3-0\"  class=\"panel-grid-cell\" ><div id=\"panel-2991-3-0-0\" class=\"so-panel widget widget_sow-editor panel-first-child\" data-index=\"5\" ><div\n\t\t\t\n\t\t\tclass=\"so-widget-sow-editor so-widget-sow-editor-base\"\n\t\t\t\n\t\t>\n<div class=\"siteorigin-widget-tinymce textwidget\">\n\t<h3 style=\"text-align: center;\">Selanik Yunanistan&#039;daki Ara\u00e7 Kiralama Acentemiz Lokasyonlar ve Adresler<\/h3>\n<\/div>\n<\/div><\/div><div id=\"panel-2991-3-0-1\" class=\"so-panel widget widget_sow-google-map panel-last-child\" data-index=\"6\" ><div class=\"panel-widget-style panel-widget-style-for-2991-3-0-1\" ><div\n\t\t\t\n\t\t\tclass=\"so-widget-sow-google-map so-widget-sow-google-map-default-5732d545b8ae-2991\"\n\t\t\t\n\t\t>\n<div class=\"sow-google-map-canvas\"\n\tstyle=\"\"\n\tid=\"map-canvas-761b2ea9929d957e251a84827932b3e6\"\n\tdata-options=\"{&quot;address&quot;:&quot;40.52042269999999, 22.9716758&quot;,&quot;zoom&quot;:9,&quot;mobileZoom&quot;:9,&quot;gestureHandling&quot;:&quot;cooperative&quot;,&quot;disableUi&quot;:false,&quot;markerIcon&quot;:&quot;https:\\\/\\\/yourcar.rentals\\\/wp-content\\\/uploads\\\/pin2.png&quot;,&quot;markersDraggable&quot;:false,&quot;markerAtCenter&quot;:true,&quot;markerInfoDisplay&quot;:&quot;mouseover&quot;,&quot;markerInfoMultiple&quot;:true,&quot;markerPositions&quot;:[{&quot;place&quot;:&quot;40.2409723, 23.2865614&quot;,&quot;info&quot;:&quot;&lt;p&gt;Halkidiki&lt;\\\/p&gt;\\n&quot;,&quot;infoSelectedEditor&quot;:&quot;tinymce&quot;,&quot;infoMaxWidth&quot;:&quot;&quot;,&quot;customMarkerIcon&quot;:0,&quot;customMarkerIconSize&quot;:&quot;full&quot;},{&quot;place&quot;:&quot;40.6697958, 22.8933315&quot;,&quot;info&quot;:&quot;&lt;p&gt;Thessaloniki&lt;\\\/p&gt;\\n&quot;,&quot;infoSelectedEditor&quot;:&quot;tinymce&quot;,&quot;infoMaxWidth&quot;:&quot;&quot;,&quot;customMarkerIcon&quot;:0,&quot;customMarkerIconSize&quot;:&quot;full&quot;},{&quot;place&quot;:&quot;40.52042269999999, 22.9716758&quot;,&quot;info&quot;:&quot;&lt;p&gt;Thessaloniki Airport Makedonia (SKG)&lt;\\\/p&gt;\\n&quot;,&quot;infoSelectedEditor&quot;:&quot;tinymce&quot;,&quot;infoMaxWidth&quot;:&quot;&quot;,&quot;customMarkerIcon&quot;:0,&quot;customMarkerIconSize&quot;:&quot;full&quot;}],&quot;mapName&quot;:&quot;Custom Map&quot;,&quot;mapStyles&quot;:[{&quot;featureType&quot;:&quot;all&quot;,&quot;elementType&quot;:&quot;labels.text.fill&quot;,&quot;stylers&quot;:[{&quot;saturation&quot;:36},{&quot;color&quot;:&quot;#333333&quot;},{&quot;lightness&quot;:40}]},{&quot;featureType&quot;:&quot;all&quot;,&quot;elementType&quot;:&quot;labels.text.stroke&quot;,&quot;stylers&quot;:[{&quot;visibility&quot;:&quot;on&quot;},{&quot;color&quot;:&quot;#ffffff&quot;},{&quot;lightness&quot;:16}]},{&quot;featureType&quot;:&quot;all&quot;,&quot;elementType&quot;:&quot;labels.icon&quot;,&quot;stylers&quot;:[{&quot;visibility&quot;:&quot;off&quot;}]},{&quot;featureType&quot;:&quot;administrative&quot;,&quot;elementType&quot;:&quot;geometry.fill&quot;,&quot;stylers&quot;:[{&quot;color&quot;:&quot;#fefefe&quot;},{&quot;lightness&quot;:20}]},{&quot;featureType&quot;:&quot;administrative&quot;,&quot;elementType&quot;:&quot;geometry.stroke&quot;,&quot;stylers&quot;:[{&quot;color&quot;:&quot;#fefefe&quot;},{&quot;lightness&quot;:17},{&quot;weight&quot;:1.2}]},{&quot;featureType&quot;:&quot;landscape&quot;,&quot;elementType&quot;:&quot;geometry&quot;,&quot;stylers&quot;:[{&quot;color&quot;:&quot;#f5f5f5&quot;},{&quot;lightness&quot;:20}]},{&quot;featureType&quot;:&quot;poi&quot;,&quot;elementType&quot;:&quot;geometry&quot;,&quot;stylers&quot;:[{&quot;color&quot;:&quot;#f5f5f5&quot;},{&quot;lightness&quot;:21}]},{&quot;featureType&quot;:&quot;poi.park&quot;,&quot;elementType&quot;:&quot;geometry&quot;,&quot;stylers&quot;:[{&quot;color&quot;:&quot;#dedede&quot;},{&quot;lightness&quot;:21}]},{&quot;featureType&quot;:&quot;road.highway&quot;,&quot;elementType&quot;:&quot;geometry.fill&quot;,&quot;stylers&quot;:[{&quot;color&quot;:&quot;#ffffff&quot;},{&quot;lightness&quot;:17}]},{&quot;featureType&quot;:&quot;road.highway&quot;,&quot;elementType&quot;:&quot;geometry.stroke&quot;,&quot;stylers&quot;:[{&quot;color&quot;:&quot;#ffffff&quot;},{&quot;lightness&quot;:29},{&quot;weight&quot;:0.2}]},{&quot;featureType&quot;:&quot;road.arterial&quot;,&quot;elementType&quot;:&quot;geometry&quot;,&quot;stylers&quot;:[{&quot;color&quot;:&quot;#ffffff&quot;},{&quot;lightness&quot;:18}]},{&quot;featureType&quot;:&quot;road.local&quot;,&quot;elementType&quot;:&quot;geometry&quot;,&quot;stylers&quot;:[{&quot;color&quot;:&quot;#ffffff&quot;},{&quot;lightness&quot;:16}]},{&quot;featureType&quot;:&quot;transit&quot;,&quot;elementType&quot;:&quot;geometry&quot;,&quot;stylers&quot;:[{&quot;color&quot;:&quot;#f2f2f2&quot;},{&quot;lightness&quot;:19}]},{&quot;featureType&quot;:&quot;water&quot;,&quot;elementType&quot;:&quot;geometry&quot;,&quot;stylers&quot;:[{&quot;color&quot;:&quot;#e9e9e9&quot;},{&quot;lightness&quot;:17}]},{&quot;featureType&quot;:&quot;water&quot;,&quot;elementType&quot;:&quot;geometry.fill&quot;,&quot;stylers&quot;:[{&quot;color&quot;:&quot;#c8cdd4&quot;}]}],&quot;directions&quot;:&quot;&quot;,&quot;apiKey&quot;:&quot;AIzaSyBeJjfYoDkmWedGhFrGBlO1q2VAh_x6Nq8&quot;,&quot;breakpoint&quot;:780}\"\n\tdata-fallback-image=\"{&quot;img&quot;:&quot;&quot;}\"><\/div>\n<\/div><\/div><\/div><\/div><\/div><\/div><div id=\"pg-2991-4\"  class=\"panel-grid panel-no-style\" ><div id=\"pgc-2991-4-0\"  class=\"panel-grid-cell\" ><div id=\"panel-2991-4-0-0\" class=\"so-panel widget widget_sow-editor panel-first-child\" data-index=\"7\" ><div class=\"panel-widget-style panel-widget-style-for-2991-4-0-0\" ><div\n\t\t\t\n\t\t\tclass=\"so-widget-sow-editor so-widget-sow-editor-base\"\n\t\t\t\n\t\t>\n<div class=\"siteorigin-widget-tinymce textwidget\">\n\t<h5 style=\"text-align: left;\">SELAN\u0130K&#039;te YourCar.rentals<br \/>\n&amp; Selanik HAVAL\u0130MANI (SKG)<\/h5>\n<\/div>\n<\/div><\/div><\/div><div id=\"panel-2991-4-0-1\" class=\"so-panel widget widget_sow-editor panel-last-child\" data-index=\"8\" ><div class=\"panel-widget-style panel-widget-style-for-2991-4-0-1\" ><div\n\t\t\t\n\t\t\tclass=\"so-widget-sow-editor so-widget-sow-editor-base\"\n\t\t\t\n\t\t>\n<div class=\"siteorigin-widget-tinymce textwidget\">\n\t<p style=\"font-size: 14px; line-height: 24px;\"><span style=\"color: #677180;\">Telefon SELAN\u0130K +30-6973-942253<\/span><span style=\"color: #677180;\"><br \/>\n<\/span><span style=\"color: #677180;\">E-posta: sales@yourcar.rentals<br \/>\n<\/span><span style=\"color: #666666;\"><\/span><\/p>\n<\/div>\n<\/div><\/div><\/div><\/div><div id=\"pgc-2991-4-1\"  class=\"panel-grid-cell\" ><div id=\"panel-2991-4-1-0\" class=\"so-panel widget widget_sow-editor panel-first-child\" data-index=\"9\" ><div class=\"panel-widget-style panel-widget-style-for-2991-4-1-0\" ><div\n\t\t\t\n\t\t\tclass=\"so-widget-sow-editor so-widget-sow-editor-base\"\n\t\t\t\n\t\t>\n<div class=\"siteorigin-widget-tinymce textwidget\">\n\t<h5 style=\"text-align: left;\">HALKIDIKI&#039;de (Chalkidiki) YourCar.rentals<\/h5>\n<\/div>\n<\/div><\/div><\/div><div id=\"panel-2991-4-1-1\" class=\"so-panel widget widget_sow-editor panel-last-child\" data-index=\"10\" ><div class=\"panel-widget-style panel-widget-style-for-2991-4-1-1\" ><div\n\t\t\t\n\t\t\tclass=\"so-widget-sow-editor so-widget-sow-editor-base\"\n\t\t\t\n\t\t>\n<div class=\"siteorigin-widget-tinymce textwidget\">\n\t<p style=\"font-size: 14px; line-height: 24px;\"><span style=\"color: #677180;\">Telefon HALKIDIKI +30-6988-558494<\/span><br \/>\nE-posta: sales@yourcar.rentals<\/p>\n<\/div>\n<\/div><\/div><\/div><\/div><div id=\"pgc-2991-4-2\"  class=\"panel-grid-cell\" ><div id=\"panel-2991-4-2-0\" class=\"so-panel widget widget_sow-editor panel-first-child\" data-index=\"11\" ><div class=\"panel-widget-style panel-widget-style-for-2991-4-2-0\" ><div\n\t\t\t\n\t\t\tclass=\"so-widget-sow-editor so-widget-sow-editor-base\"\n\t\t\t\n\t\t>\n<div class=\"siteorigin-widget-tinymce textwidget\">\n\t<h5 style=\"text-align: left;\">MAKEDONYA YUNAN\u0130STAN<\/h5>\n<\/div>\n<\/div><\/div><\/div><div id=\"panel-2991-4-2-1\" class=\"so-panel widget widget_sow-editor panel-last-child\" data-index=\"12\" ><div class=\"panel-widget-style panel-widget-style-for-2991-4-2-1\" ><div\n\t\t\t\n\t\t\tclass=\"so-widget-sow-editor so-widget-sow-editor-base\"\n\t\t\t\n\t\t>\n<div class=\"siteorigin-widget-tinymce textwidget\">\n\t<\/div>\n<\/div><\/div><\/div><\/div><\/div><\/div>","protected":false},"excerpt":{"rendered":"<p>Send us your Car Rental inquiry Book your Rental Car in Thessaloniki &#8211; Halkidiki (Chalkidiki) &#8211; Thessaloniki Airport Car Rental Booking Request \u00a0+30-6988-558494 (mob) sales@yourcar.rentals &nbsp; Ethnikis Antistaseos 53, Thessaloniki, MACEDONIA GREECE<\/p>","protected":false},"author":1,"featured_media":0,"parent":0,"menu_order":0,"comment_status":"closed","ping_status":"closed","template":"","meta":{"_acf_changed":false,"footnotes":""},"class_list":{"0":"post-2991","1":"page","2":"type-page","3":"status-publish","5":"clearfix","6":"article"},"acf":[],"_links":{"self":[{"href":"https:\/\/yourcar.rentals\/tr\/wp-json\/wp\/v2\/pages\/2991","targetHints":{"allow":["GET"]}}],"collection":[{"href":"https:\/\/yourcar.rentals\/tr\/wp-json\/wp\/v2\/pages"}],"about":[{"href":"https:\/\/yourcar.rentals\/tr\/wp-json\/wp\/v2\/types\/page"}],"author":[{"embeddable":true,"href":"https:\/\/yourcar.rentals\/tr\/wp-json\/wp\/v2\/users\/1"}],"replies":[{"embeddable":true,"href":"https:\/\/yourcar.rentals\/tr\/wp-json\/wp\/v2\/comments?post=2991"}],"version-history":[{"count":0,"href":"https:\/\/yourcar.rentals\/tr\/wp-json\/wp\/v2\/pages\/2991\/revisions"}],"wp:attachment":[{"href":"https:\/\/yourcar.rentals\/tr\/wp-json\/wp\/v2\/media?parent=2991"}],"curies":[{"name":"wp","href":"https:\/\/api.w.org\/{rel}","templated":true}]}}