{"id":2846,"date":"2017-08-30T10:53:27","date_gmt":"2017-08-30T10:53:27","guid":{"rendered":"https:\/\/xml-io.proteusthemes.com\/growthpress\/?page_id=18"},"modified":"2022-08-14T20:52:58","modified_gmt":"2022-08-14T17:52:58","slug":"contact","status":"publish","type":"page","link":"https:\/\/yourcar.rentals\/ro\/contact\/","title":{"rendered":"a lua legatura"},"content":{"rendered":"<div id=\"pl-2846\"  class=\"panel-layout\" ><div id=\"pg-2846-0\"  class=\"panel-grid panel-has-style\" ><div class=\"panel-row-style panel-row-style-for-2846-0\" ><div id=\"pgc-2846-0-0\"  class=\"panel-grid-cell\" ><div id=\"panel-2846-0-0-0\" class=\"so-panel widget widget_sow-headline panel-first-child\" data-index=\"0\" ><div\n\t\t\t\n\t\t\tclass=\"so-widget-sow-headline so-widget-sow-headline-default-a9a15bd72ca5-2846\"\n\t\t\t\n\t\t><div class=\"sow-headline-container\">\n\t\t\t\t\t\t\t<h1 class=\"sow-headline\">\n\t\t\t\t\t\t\u00cenchirieri ma\u0219ini \u00een ora\u0219ul Salonic, Aeroportul Salonic \u201eMakedonia SKG\u201d \u0219i Halkidiki\t\t\t\t\t\t<\/h1>\n\t\t\t\t\t\t\t\t\t\t\t<div class=\"decoration\">\n\t\t\t\t\t\t<div class=\"decoration-inside\"><\/div>\n\t\t\t\t\t<\/div>\n\t\t\t\t\t<\/div>\n<\/div><\/div><div id=\"panel-2846-0-0-1\" class=\"so-panel widget widget_sow-editor panel-last-child\" data-index=\"1\" ><div class=\"panel-widget-style panel-widget-style-for-2846-0-0-1\" ><div\n\t\t\t\n\t\t\tclass=\"so-widget-sow-editor so-widget-sow-editor-base\"\n\t\t\t\n\t\t>\n<div class=\"siteorigin-widget-tinymce textwidget\">\n\t<p><img loading=\"lazy\" decoding=\"async\" class=\"size-full wp-image-646 alignleft\" style=\"margin-top: 0px;\" src=\"https:\/\/yourcar.rentals\/wp-content\/uploads\/car-hire-contact-details.png\" alt=\"\" width=\"150\" height=\"150\" \/><\/p>\n<p><span style=\"text-align: left;\">\u00a0<span style=\"color: #253953; font-size: 32px;\">+30-6988-558494 (mafie)<br \/>\n<\/span><\/span><a href=\"mailto:sales@yourcar.rentals\"><span style=\"color: #1871c9; line-height: 40px;\">sales@yourcar.rentals<\/span><\/a><br \/>\n&nbsp;<\/p>\n<p><span style=\"color: #253953; font-size: 22px;\">Ethnikis Antistaseos 53, Salonic, MACEDONIA GRECIA<\/span><\/p>\n<\/div>\n<\/div><\/div><\/div><\/div><\/div><\/div><div id=\"pg-2846-1\"  class=\"panel-grid panel-no-style\" ><div id=\"pgc-2846-1-0\"  class=\"panel-grid-cell\" ><div id=\"panel-2846-1-0-0\" class=\"so-panel widget widget_sow-editor panel-first-child panel-last-child\" data-index=\"2\" ><div\n\t\t\t\n\t\t\tclass=\"so-widget-sow-editor so-widget-sow-editor-base\"\n\t\t\t\n\t\t>\n<div class=\"siteorigin-widget-tinymce textwidget\">\n\t<hr \/>\n<h5><\/h5>\n<h5>Contacte detaliate<\/h5>\n<\/div>\n<\/div><\/div><\/div><\/div><div id=\"pg-2846-2\"  class=\"panel-grid panel-no-style\" ><div id=\"pgc-2846-2-0\"  class=\"panel-grid-cell\" ><div id=\"panel-2846-2-0-0\" class=\"so-panel widget widget_sow-editor panel-first-child panel-last-child\" data-index=\"3\" ><div\n\t\t\t\n\t\t\tclass=\"so-widget-sow-editor so-widget-sow-editor-base\"\n\t\t\t\n\t\t>\n<div class=\"siteorigin-widget-tinymce textwidget\">\n\t<img loading=\"lazy\" decoding=\"async\" class=\"size-full wp-image-697 alignleft\" style=\"margin-top: 0;\" src=\"https:\/\/yourcar.rentals\/wp-content\/uploads\/contact-car-rental-thessaloniki-halkidiki-190x85-1.jpg\" alt=\"\" width=\"190\" height=\"85\" \/>\n<p class=\"h6\" style=\"font-size: 15px; line-height: 25px; margin-bottom: 0;\">Odysseas Oumountidis<\/p>\n<p style=\"margin-bottom: 10px; font-size: 15px;\">G\u00c2NGURI<\/p>\n<p style=\"text-align: left; line-height: 22px;\"><span style=\"font-size: 15px;\">+30-6973-942253<\/span><\/p>\n<a href=\"mailto:sales@yourcar.rentals\">sales@yourcar.rentals<\/a><\/div>\n<\/div><\/div><\/div><div id=\"pgc-2846-2-1\"  class=\"panel-grid-cell\" ><div id=\"panel-2846-2-1-0\" class=\"so-panel widget widget_sow-editor panel-first-child panel-last-child\" data-index=\"4\" ><div\n\t\t\t\n\t\t\tclass=\"so-widget-sow-editor so-widget-sow-editor-base\"\n\t\t\t\n\t\t>\n<div class=\"siteorigin-widget-tinymce textwidget\">\n\t<img loading=\"lazy\" decoding=\"async\" class=\"size-full wp-image-697 alignleft\" style=\"margin-top: 0;\" src=\"https:\/\/yourcar.rentals\/wp-content\/uploads\/contact-phone-yourcar-rentals-160x160-1.png\" alt=\"\" width=\"80\" height=\"80\" \/>\n<p class=\"h6\" style=\"font-size: 15px; line-height: 25px; margin-bottom: 0;\">Yannis Oumountidis<\/p>\n<p style=\"margin-bottom: 10px; font-size: 15px;\">Rela\u021bii Clien\u021bi<\/p>\n<p style=\"text-align: left; line-height: 22px;\"><span style=\"font-size: 15px;\">+30-6988-558494<\/span><\/p>\n<a href=\"mailto:info@yourcar.rentals\">info@yourcar.rentals<\/a><\/div>\n<\/div><\/div><\/div><\/div><div id=\"pg-2846-3\"  class=\"panel-grid panel-has-style\" ><div class=\"siteorigin-panels-stretch panel-row-style panel-row-style-for-2846-3\" data-stretch-type=\"full\" ><div id=\"pgc-2846-3-0\"  class=\"panel-grid-cell\" ><div id=\"panel-2846-3-0-0\" class=\"so-panel widget widget_sow-editor panel-first-child\" data-index=\"5\" ><div\n\t\t\t\n\t\t\tclass=\"so-widget-sow-editor so-widget-sow-editor-base\"\n\t\t\t\n\t\t>\n<div class=\"siteorigin-widget-tinymce textwidget\">\n\t<p style=\"text-align: center;\"><span style=\"color: #ffffff;\">Contacta\u021bi-ne pentru \u00eentreb\u0103ri sau \u00eentreb\u0103ri<\/span><\/p>\n<p style=\"text-align: center;\"><span style=\"color: #ffffff;\">Rezerv\u0103-\u021bi ma\u0219ina de \u00eenchiriat \u00een <strong>Salonic<\/strong> &amp; <strong>Halkidiki<\/strong> (Chalkidiki)<\/span><\/p>\n<\/div>\n<\/div><\/div><div id=\"panel-2846-3-0-1\" class=\"so-panel widget widget_sow-editor\" data-index=\"6\" ><div class=\"panel-widget-style panel-widget-style-for-2846-3-0-1\" ><div\n\t\t\t\n\t\t\tclass=\"so-widget-sow-editor so-widget-sow-editor-base\"\n\t\t\t\n\t\t>\n<div class=\"siteorigin-widget-tinymce textwidget\">\n\t<h1 style=\"text-align: center\"><span style=\"color: #ffffff\">Hai s\u0103 vorbim<\/span><\/h1>\n<\/div>\n<\/div><\/div><\/div><div id=\"panel-2846-3-0-2\" class=\"so-panel widget widget_text panel-last-child\" data-index=\"7\" ><div class=\"panel-widget-style panel-widget-style-for-2846-3-0-2\" >\t\t\t<div class=\"textwidget\"><div class=\"wpcf7 no-js\" id=\"wpcf7-f3316-o1\" lang=\"en-US\" dir=\"ltr\" data-wpcf7-id=\"3316\">\n<div class=\"screen-reader-response\">\n<p role=\"status\" aria-live=\"polite\" aria-atomic=\"true\">\n<ul><\/ul>\n<\/div>\n<form action=\"\/ro\/wp-json\/wp\/v2\/pages\/2846#wpcf7-f3316-o1\" method=\"post\" class=\"wpcf7-form init\" aria-label=\"Formular de contact\" novalidate=\"novalidate\" data-status=\"init\" data-trp-original-action=\"\/ro\/wp-json\/wp\/v2\/pages\/2846#wpcf7-f3316-o1\">\n<fieldset class=\"hidden-fields-container\"><input type=\"hidden\" name=\"_wpcf7\" value=\"3316\" \/><input type=\"hidden\" name=\"_wpcf7_version\" value=\"6.1.4\" \/><input type=\"hidden\" name=\"_wpcf7_locale\" value=\"en_US\" \/><input type=\"hidden\" name=\"_wpcf7_unit_tag\" value=\"wpcf7-f3316-o1\" \/><input type=\"hidden\" name=\"_wpcf7_container_post\" value=\"0\" \/><input type=\"hidden\" name=\"_wpcf7_posted_data_hash\" value=\"\" \/><input type=\"hidden\" name=\"_wpcf7_recaptcha_response\" value=\"\" \/><br \/>\n<\/fieldset>\n<p><span class=\"wpcf7-form-control-wrap recaptcha\" data-name=\"recaptcha\"><span data-sitekey=\"6Lc6Q2koAAAAACnv9dyPL3cTEjNagqY88lc-gtla\" class=\"wpcf7-form-control wpcf7-recaptcha g-recaptcha\"><\/span><br \/>\n<noscript><\/p>\n<div class=\"grecaptcha-noscript\">\n\t\t<iframe src=\"https:\/\/www.google.com\/recaptcha\/api\/fallback?k=6Lc6Q2koAAAAACnv9dyPL3cTEjNagqY88lc-gtla\" frameborder=\"0\" scrolling=\"no\"><br \/>\n\t\t<\/iframe><br \/>\n\t\t<textarea name=\"g-recaptcha-response\" rows=\"3\" cols=\"40\" placeholder=\"R\u0103spuns reCaptcha aici\"><br \/>\n\t\t<\/textarea>\n\t<\/div>\n<p><\/noscript><br \/>\n<\/span><\/p>\n<div class=\"row\">\n<div class=\"col-12\">\n<p><span class=\"wpcf7-form-control-wrap\" data-name=\"your-name\"><input size=\"40\" maxlength=\"400\" class=\"wpcf7-form-control wpcf7-text wpcf7-validates-as-required form-control\" aria-required=\"true\" aria-invalid=\"false\" placeholder=\"Numele dumneavoastr\u0103*\" value=\"\" type=\"text\" name=\"your-name\" \/><\/span>\n\t\t<\/p>\n<\/p><\/div>\n<div class=\"col-12\">\n<p><span class=\"wpcf7-form-control-wrap\" data-name=\"your-number\"><input size=\"40\" maxlength=\"400\" class=\"wpcf7-form-control wpcf7-tel wpcf7-text wpcf7-validates-as-tel form-control\" aria-invalid=\"false\" placeholder=\"Num\u0103r de telefon\" value=\"\" type=\"tel\" name=\"your-number\" \/><\/span>\n\t\t<\/p>\n<\/p><\/div>\n<div class=\"col-12\">\n<p><span class=\"wpcf7-form-control-wrap\" data-name=\"your-email\"><input size=\"40\" maxlength=\"400\" class=\"wpcf7-form-control wpcf7-email wpcf7-validates-as-required wpcf7-text wpcf7-validates-as-email form-control\" aria-required=\"true\" aria-invalid=\"false\" placeholder=\"E-mail* (asigura\u021bi-v\u0103 c\u0103 este scris corect!!)\" value=\"\" type=\"email\" name=\"your-email\" \/><\/span>\n\t\t<\/p>\n<\/p><\/div>\n<div class=\"col-12\">\n<p><span class=\"wpcf7-form-control-wrap\" data-name=\"your-message\"><textarea cols=\"40\" rows=\"10\" maxlength=\"2000\" class=\"wpcf7-form-control wpcf7-textarea form-control\" aria-invalid=\"false\" placeholder=\"Mesajul dvs.... v\u0103 rug\u0103m s\u0103 ne scrie\u021bi notele dvs., de exemplu, ora \u0219i loca\u021bia de livrare\/retur ma\u0219in\u0103, orice cerin\u021be speciale pe care le ave\u021bi etc. V\u0103 rug\u0103m s\u0103 re\u021bine\u021bi c\u0103 scaunele pentru copii \u0219i \u0219oferii suplimentari sunt GRATUITE\" name=\"your-message\"><\/textarea><\/span><input class=\"wpcf7-form-control wpcf7-submit has-spinner btn pull-right btn-dark btn-block\" type=\"submit\" value=\"Trimite mesaj\" \/>\n\t\t<\/p>\n<\/p><\/div>\n<\/div>\n<div class=\"wpcf7-response-output\" aria-hidden=\"true\"><\/div>\n<input type=\"hidden\" name=\"trp-form-language\" value=\"ro\"\/><\/form>\n<\/div>\n<\/div>\n\t\t<\/div><\/div><\/div><\/div><\/div><div id=\"pg-2846-4\"  class=\"panel-grid panel-has-style\" ><div class=\"siteorigin-panels-stretch panel-row-style panel-row-style-for-2846-4\" data-stretch-type=\"full\" ><div id=\"pgc-2846-4-0\"  class=\"panel-grid-cell\" ><div id=\"panel-2846-4-0-0\" class=\"so-panel widget widget_sow-editor panel-first-child panel-last-child\" data-index=\"8\" ><div class=\"panel-widget-style panel-widget-style-for-2846-4-0-0\" ><div\n\t\t\t\n\t\t\tclass=\"so-widget-sow-editor so-widget-sow-editor-base\"\n\t\t\t\n\t\t>\n<div class=\"siteorigin-widget-tinymce textwidget\">\n\t<h5 style=\"text-align: center;\">Cau\u021bi un r\u0103spuns mai rapid? \u00a0\u00a0<a href=\"https:\/\/yourcar.rentals\/ro\/contact\/\"><span class=\"icon-container\"><span class=\"fa fa-comment\" style=\"color:#1871c9;\"><\/span><\/span> Suna\u021bi-ne Direct<\/a><\/h5>\n<\/div>\n<\/div><\/div><\/div><\/div><\/div><\/div><div id=\"pg-2846-5\"  class=\"panel-grid panel-has-style\" ><div class=\"siteorigin-panels-stretch panel-row-style panel-row-style-for-2846-5\" data-stretch-type=\"full\" ><div id=\"pgc-2846-5-0\"  class=\"panel-grid-cell\" ><div id=\"panel-2846-5-0-0\" class=\"so-panel widget widget_sow-editor panel-first-child\" data-index=\"9\" ><div\n\t\t\t\n\t\t\tclass=\"so-widget-sow-editor so-widget-sow-editor-base\"\n\t\t\t\n\t\t>\n<div class=\"siteorigin-widget-tinymce textwidget\">\n\t<h3 style=\"text-align: center;\">Rent a Car in Salonic - Adresa agentiei noastre de inchirieri auto:<\/h3>\n<\/div>\n<\/div><\/div><div id=\"panel-2846-5-0-1\" class=\"widget_text so-panel widget widget_custom_html panel-last-child\" data-index=\"10\" ><h3 class=\"widget-title\"><span class=\"widget-title__inline\">Loca\u021bii YourCar.Rentals: ora\u0219ul THESALONIKI, AEROPORTUL Salonic \u201eMakedonia SKG\u201d \u0219i HALKIDIKI<\/span><\/h3><div class=\"textwidget custom-html-widget\"><iframe loading=\"lazy\" src=\"https:\/\/snazzymaps.com\/embed\/414600\" width=\"100%\" height=\"500px\" style=\"border:none;\"><\/iframe><\/div><\/div><\/div><\/div><\/div><div id=\"pg-2846-6\"  class=\"panel-grid panel-no-style\" ><div id=\"pgc-2846-6-0\"  class=\"panel-grid-cell\" ><div id=\"panel-2846-6-0-0\" class=\"so-panel widget widget_sow-editor panel-first-child\" data-index=\"11\" ><div class=\"panel-widget-style panel-widget-style-for-2846-6-0-0\" ><div\n\t\t\t\n\t\t\tclass=\"so-widget-sow-editor so-widget-sow-editor-base\"\n\t\t\t\n\t\t>\n<div class=\"siteorigin-widget-tinymce textwidget\">\n\t<h5 style=\"text-align: left;\">YourCar.\u00eenchirieri \u00een SALONIC<br \/>\n\u0219i AEROPORTUL Salonic (SKG)<\/h5>\n<\/div>\n<\/div><\/div><\/div><div id=\"panel-2846-6-0-1\" class=\"so-panel widget widget_sow-editor panel-last-child\" data-index=\"12\" ><div class=\"panel-widget-style panel-widget-style-for-2846-6-0-1\" ><div\n\t\t\t\n\t\t\tclass=\"so-widget-sow-editor so-widget-sow-editor-base\"\n\t\t\t\n\t\t>\n<div class=\"siteorigin-widget-tinymce textwidget\">\n\t<p style=\"font-size: 14px; line-height: 24px;\"><span style=\"color: #677180;\">Telefon SALONIC +30-6973-942253<\/span><br \/>\n<span style=\"color: #677180;\">E-mail: sales@yourcar.rentals<\/span><br \/>\n<span style=\"color: #666666;\"><\/span><\/p>\n<\/div>\n<\/div><\/div><\/div><\/div><div id=\"pgc-2846-6-1\"  class=\"panel-grid-cell\" ><div id=\"panel-2846-6-1-0\" class=\"so-panel widget widget_sow-editor panel-first-child\" data-index=\"13\" ><div class=\"panel-widget-style panel-widget-style-for-2846-6-1-0\" ><div\n\t\t\t\n\t\t\tclass=\"so-widget-sow-editor so-widget-sow-editor-base\"\n\t\t\t\n\t\t>\n<div class=\"siteorigin-widget-tinymce textwidget\">\n\t<h5 style=\"text-align: left;\">YourCar.rentals \u00een HALKIDIKI (Halkidiki)<\/h5>\n<\/div>\n<\/div><\/div><\/div><div id=\"panel-2846-6-1-1\" class=\"so-panel widget widget_sow-editor panel-last-child\" data-index=\"14\" ><div class=\"panel-widget-style panel-widget-style-for-2846-6-1-1\" ><div\n\t\t\t\n\t\t\tclass=\"so-widget-sow-editor so-widget-sow-editor-base\"\n\t\t\t\n\t\t>\n<div class=\"siteorigin-widget-tinymce textwidget\">\n\t<p style=\"font-size: 14px; line-height: 24px;\"><span style=\"color: #677180;\">Telefon HALKIDIKI +30-6988-558494<\/span><br \/>\nE-mail: info@yourcar.rentals<\/p>\n<\/div>\n<\/div><\/div><\/div><\/div><div id=\"pgc-2846-6-2\"  class=\"panel-grid-cell\" ><div id=\"panel-2846-6-2-0\" class=\"so-panel widget widget_sow-editor panel-first-child\" data-index=\"15\" ><div class=\"panel-widget-style panel-widget-style-for-2846-6-2-0\" ><div\n\t\t\t\n\t\t\tclass=\"so-widget-sow-editor so-widget-sow-editor-base\"\n\t\t\t\n\t\t>\n<div class=\"siteorigin-widget-tinymce textwidget\">\n\t<h5 style=\"text-align: left;\">MACEDONIA GRECIA<\/h5>\n<\/div>\n<\/div><\/div><\/div><div id=\"panel-2846-6-2-1\" class=\"so-panel widget widget_sow-editor panel-last-child\" data-index=\"16\" ><div class=\"panel-widget-style panel-widget-style-for-2846-6-2-1\" ><div\n\t\t\t\n\t\t\tclass=\"so-widget-sow-editor so-widget-sow-editor-base\"\n\t\t\t\n\t\t>\n<div class=\"siteorigin-widget-tinymce textwidget\">\n\t<\/div>\n<\/div><\/div><\/div><\/div><\/div><div id=\"pg-2846-7\"  class=\"panel-grid panel-has-style\" ><div class=\"siteorigin-panels-stretch panel-row-style panel-row-style-for-2846-7\" data-stretch-type=\"full\" ><div id=\"pgc-2846-7-0\"  class=\"panel-grid-cell\" ><div id=\"panel-2846-7-0-0\" class=\"so-panel widget widget_sow-google-map panel-first-child panel-last-child\" data-index=\"17\" ><div class=\"panel-widget-style panel-widget-style-for-2846-7-0-0\" ><div\n\t\t\t\n\t\t\tclass=\"so-widget-sow-google-map so-widget-sow-google-map-default-5732d545b8ae-2846\"\n\t\t\t\n\t\t>\n<div class=\"sow-google-map-canvas\"\n\tstyle=\"\"\n\tid=\"map-canvas-96284dfe675ec4642836b23d00e40359\"\n\tdata-options=\"{&quot;address&quot;:&quot;40.52042269999999, 22.9716758&quot;,&quot;zoom&quot;:9,&quot;mobileZoom&quot;:9,&quot;gestureHandling&quot;:&quot;cooperative&quot;,&quot;disableUi&quot;:false,&quot;markerIcon&quot;:&quot;https:\\\/\\\/yourcar.rentals\\\/wp-content\\\/uploads\\\/pin2.png&quot;,&quot;markersDraggable&quot;:false,&quot;markerAtCenter&quot;:true,&quot;markerInfoDisplay&quot;:&quot;mouseover&quot;,&quot;markerInfoMultiple&quot;:true,&quot;markerPositions&quot;:[{&quot;place&quot;:&quot;40.2409723, 23.2865614&quot;,&quot;info&quot;:&quot;&lt;p&gt;Halkidiki&lt;\\\/p&gt;\\n&quot;,&quot;infoSelectedEditor&quot;:&quot;tinymce&quot;,&quot;infoMaxWidth&quot;:&quot;&quot;,&quot;customMarkerIcon&quot;:0,&quot;customMarkerIconSize&quot;:&quot;full&quot;},{&quot;place&quot;:&quot;40.6697958, 22.8933315&quot;,&quot;info&quot;:&quot;&lt;p&gt;Thessaloniki&lt;\\\/p&gt;\\n&quot;,&quot;infoSelectedEditor&quot;:&quot;tinymce&quot;,&quot;infoMaxWidth&quot;:&quot;&quot;,&quot;customMarkerIcon&quot;:0,&quot;customMarkerIconSize&quot;:&quot;full&quot;},{&quot;place&quot;:&quot;40.52042269999999, 22.9716758&quot;,&quot;info&quot;:&quot;&lt;p&gt;Thessaloniki Airport Makedonia (SKG)&lt;\\\/p&gt;\\n&quot;,&quot;infoSelectedEditor&quot;:&quot;tinymce&quot;,&quot;infoMaxWidth&quot;:&quot;&quot;,&quot;customMarkerIcon&quot;:0,&quot;customMarkerIconSize&quot;:&quot;full&quot;}],&quot;mapName&quot;:&quot;Hart\\u0103 personalizat\\u0103&quot;,&quot;mapStyles&quot;:[{&quot;featureType&quot;:&quot;all&quot;,&quot;elementType&quot;:&quot;labels.text.fill&quot;,&quot;stylers&quot;:[{&quot;saturation&quot;:36},{&quot;color&quot;:&quot;#333333&quot;},{&quot;lightness&quot;:40}]},{&quot;featureType&quot;:&quot;all&quot;,&quot;elementType&quot;:&quot;labels.text.stroke&quot;,&quot;stylers&quot;:[{&quot;visibility&quot;:&quot;on&quot;},{&quot;color&quot;:&quot;#ffffff&quot;},{&quot;lightness&quot;:16}]},{&quot;featureType&quot;:&quot;all&quot;,&quot;elementType&quot;:&quot;labels.icon&quot;,&quot;stylers&quot;:[{&quot;visibility&quot;:&quot;off&quot;}]},{&quot;featureType&quot;:&quot;administrative&quot;,&quot;elementType&quot;:&quot;geometry.fill&quot;,&quot;stylers&quot;:[{&quot;color&quot;:&quot;#fefefe&quot;},{&quot;lightness&quot;:20}]},{&quot;featureType&quot;:&quot;administrative&quot;,&quot;elementType&quot;:&quot;geometry.stroke&quot;,&quot;stylers&quot;:[{&quot;color&quot;:&quot;#fefefe&quot;},{&quot;lightness&quot;:17},{&quot;weight&quot;:1.2}]},{&quot;featureType&quot;:&quot;landscape&quot;,&quot;elementType&quot;:&quot;geometry&quot;,&quot;stylers&quot;:[{&quot;color&quot;:&quot;#f5f5f5&quot;},{&quot;lightness&quot;:20}]},{&quot;featureType&quot;:&quot;poi&quot;,&quot;elementType&quot;:&quot;geometry&quot;,&quot;stylers&quot;:[{&quot;color&quot;:&quot;#f5f5f5&quot;},{&quot;lightness&quot;:21}]},{&quot;featureType&quot;:&quot;poi.park&quot;,&quot;elementType&quot;:&quot;geometry&quot;,&quot;stylers&quot;:[{&quot;color&quot;:&quot;#dedede&quot;},{&quot;lightness&quot;:21}]},{&quot;featureType&quot;:&quot;road.highway&quot;,&quot;elementType&quot;:&quot;geometry.fill&quot;,&quot;stylers&quot;:[{&quot;color&quot;:&quot;#ffffff&quot;},{&quot;lightness&quot;:17}]},{&quot;featureType&quot;:&quot;road.highway&quot;,&quot;elementType&quot;:&quot;geometry.stroke&quot;,&quot;stylers&quot;:[{&quot;color&quot;:&quot;#ffffff&quot;},{&quot;lightness&quot;:29},{&quot;weight&quot;:0.2}]},{&quot;featureType&quot;:&quot;road.arterial&quot;,&quot;elementType&quot;:&quot;geometry&quot;,&quot;stylers&quot;:[{&quot;color&quot;:&quot;#ffffff&quot;},{&quot;lightness&quot;:18}]},{&quot;featureType&quot;:&quot;road.local&quot;,&quot;elementType&quot;:&quot;geometry&quot;,&quot;stylers&quot;:[{&quot;color&quot;:&quot;#ffffff&quot;},{&quot;lightness&quot;:16}]},{&quot;featureType&quot;:&quot;transit&quot;,&quot;elementType&quot;:&quot;geometry&quot;,&quot;stylers&quot;:[{&quot;color&quot;:&quot;#f2f2f2&quot;},{&quot;lightness&quot;:19}]},{&quot;featureType&quot;:&quot;water&quot;,&quot;elementType&quot;:&quot;geometry&quot;,&quot;stylers&quot;:[{&quot;color&quot;:&quot;#e9e9e9&quot;},{&quot;lightness&quot;:17}]},{&quot;featureType&quot;:&quot;water&quot;,&quot;elementType&quot;:&quot;geometry.fill&quot;,&quot;stylers&quot;:[{&quot;color&quot;:&quot;#c8cdd4&quot;}]}],&quot;directions&quot;:&quot;&quot;,&quot;apiKey&quot;:&quot;AIzaSyBeJjfYoDkmWedGhFrGBlO1q2VAh_x6Nq8&quot;,&quot;breakpoint&quot;:780}\"\n\tdata-fallback-image=\"{&quot;img&quot;:&quot;&quot;}\"><\/div>\n<\/div><\/div><\/div><\/div><\/div><\/div><div id=\"pg-2846-8\"  class=\"panel-grid panel-has-style\" ><div class=\"siteorigin-panels-stretch panel-row-style panel-row-style-for-2846-8\" data-stretch-type=\"full\" ><div id=\"pgc-2846-8-0\"  class=\"panel-grid-cell\" ><div id=\"panel-2846-8-0-0\" class=\"so-panel widget widget_sow-editor panel-first-child panel-last-child\" data-index=\"18\" ><div\n\t\t\t\n\t\t\tclass=\"so-widget-sow-editor so-widget-sow-editor-base\"\n\t\t\t\n\t\t>\n<div class=\"siteorigin-widget-tinymce textwidget\">\n\t<h3 style=\"text-align: center;\">Loca\u021biile \u0219i adresele agen\u021biei noastre de \u00eenchirieri auto \u00een MACEDONIA GRECIA<\/h3>\n<\/div>\n<\/div><\/div><\/div><\/div><\/div><\/div>","protected":false},"excerpt":{"rendered":"<p>\u00a0+30-6988-558494 (mob) sales@yourcar.rentals Ethnikis Antistaseos 53, Thessaloniki, MACEDONIA GRECIA Contacte detaliate<\/p>","protected":false},"author":1,"featured_media":0,"parent":0,"menu_order":0,"comment_status":"closed","ping_status":"closed","template":"","meta":{"_acf_changed":false,"footnotes":""},"class_list":{"0":"post-2846","1":"page","2":"type-page","3":"status-publish","5":"clearfix","6":"article"},"acf":[],"_links":{"self":[{"href":"https:\/\/yourcar.rentals\/ro\/wp-json\/wp\/v2\/pages\/2846","targetHints":{"allow":["GET"]}}],"collection":[{"href":"https:\/\/yourcar.rentals\/ro\/wp-json\/wp\/v2\/pages"}],"about":[{"href":"https:\/\/yourcar.rentals\/ro\/wp-json\/wp\/v2\/types\/page"}],"author":[{"embeddable":true,"href":"https:\/\/yourcar.rentals\/ro\/wp-json\/wp\/v2\/users\/1"}],"replies":[{"embeddable":true,"href":"https:\/\/yourcar.rentals\/ro\/wp-json\/wp\/v2\/comments?post=2846"}],"version-history":[{"count":0,"href":"https:\/\/yourcar.rentals\/ro\/wp-json\/wp\/v2\/pages\/2846\/revisions"}],"wp:attachment":[{"href":"https:\/\/yourcar.rentals\/ro\/wp-json\/wp\/v2\/media?parent=2846"}],"curies":[{"name":"wp","href":"https:\/\/api.w.org\/{rel}","templated":true}]}}