{"id":2842,"date":"2017-08-30T10:52:45","date_gmt":"2017-08-30T07:52:45","guid":{"rendered":"https:\/\/xml-io.proteusthemes.com\/growthpress\/?page_id=10"},"modified":"2023-05-31T23:35:38","modified_gmt":"2023-05-31T20:35:38","slug":"fleet-car-types","status":"publish","type":"page","link":"https:\/\/yourcar.rentals\/ro\/fleet-car-types\/","title":{"rendered":"Flota de inchirieri auto"},"content":{"rendered":"<div id=\"pl-2842\"  class=\"panel-layout\" ><div id=\"pg-2842-0\"  class=\"panel-grid panel-no-style\" ><div id=\"pgc-2842-0-0\"  class=\"panel-grid-cell\" ><div id=\"panel-2842-0-0-0\" class=\"so-panel widget widget_sow-headline panel-first-child panel-last-child\" data-index=\"0\" ><div\n\t\t\t\n\t\t\tclass=\"so-widget-sow-headline so-widget-sow-headline-default-33d0094781b6-2842\"\n\t\t\t\n\t\t><div class=\"sow-headline-container\">\n\t\t\t\t\t\t\t<h1 class=\"sow-headline\">\n\t\t\t\t\t\t\u00cenchirieri ma\u0219ini \u00een THESALONIKI - Aeroportul THESSALONIKI \u0219i HALKIDIKI (Halkidiki)\t\t\t\t\t\t<\/h1>\n\t\t\t\t\t\t\t\t\t\t\t<div class=\"decoration\">\n\t\t\t\t\t\t<div class=\"decoration-inside\"><\/div>\n\t\t\t\t\t<\/div>\n\t\t\t\t\t<\/div>\n<\/div><\/div><\/div><\/div><div id=\"pg-2842-1\"  class=\"panel-grid panel-has-style\" ><div class=\"panel-row-style panel-row-style-for-2842-1\" ><div id=\"pgc-2842-1-0\"  class=\"panel-grid-cell\" ><div id=\"panel-2842-1-0-0\" class=\"so-panel widget widget_sow-editor panel-first-child\" data-index=\"1\" ><div class=\"panel-widget-style panel-widget-style-for-2842-1-0-0\" ><div\n\t\t\t\n\t\t\tclass=\"so-widget-sow-editor so-widget-sow-editor-base\"\n\t\t\t\n\t\t>\n<div class=\"siteorigin-widget-tinymce textwidget\">\n\t<p><img loading=\"lazy\" decoding=\"async\" class=\"aligncenter wp-image-3342 size-full\" src=\"https:\/\/yourcar.rentals\/wp-content\/uploads\/Hyundai-i20-5door-2010-1b-527x386-1.jpg\" alt=\"\" width=\"527\" height=\"386\" srcset=\"https:\/\/yourcar.rentals\/wp-content\/uploads\/Hyundai-i20-5door-2010-1b-527x386-1.jpg 527w, https:\/\/yourcar.rentals\/wp-content\/uploads\/Hyundai-i20-5door-2010-1b-527x386-1-300x220.jpg 300w, https:\/\/yourcar.rentals\/wp-content\/uploads\/Hyundai-i20-5door-2010-1b-527x386-1-16x12.jpg 16w\" sizes=\"auto, (max-width: 527px) 100vw, 527px\" \/><\/p>\n<\/div>\n<\/div><\/div><\/div><div id=\"panel-2842-1-0-1\" class=\"so-panel widget widget_pw_icon_box_extended widget-icon-box-extended panel-last-child\" data-index=\"2\" ><div class=\"panel-widget-style panel-widget-style-for-2842-1-0-1\" >\n\t\t\t<div class=\"icon-box-extended\">\n\t\t\t\t<i class=\"fa\"><\/i>\n\t\t\t\t<div class=\"icon-box-extended__content\">\n\t\t\t\t\t<p class=\"h5  icon-box-extended__title\">Ma\u0219ini Hyundai i20 de \u00eenchiriat<\/p>\n\t\t\t\t\t<p class=\"icon-box-extended__text\">CATEGORIA A - ma\u0219ini Hyundai i20 ECONOMY de \u00eenchiriat <\/p>\n\t\t\t\t\t\t\t\t\t\t\t<a class=\"icon-box-extended__read-more\" href=\"\/ro\/book-cars\/\" target=\"_self\">Rezerv\u0103-\u021bi ma\u0219ina<\/a>\n\t\t\t\t\t\t\t\t\t<\/div>\n\t\t\t<\/div>\n\n\t\t\t<\/div><\/div><\/div><div id=\"pgc-2842-1-1\"  class=\"panel-grid-cell\" ><div id=\"panel-2842-1-1-0\" class=\"so-panel widget widget_sow-editor panel-first-child\" data-index=\"3\" ><div class=\"panel-widget-style panel-widget-style-for-2842-1-1-0\" ><div\n\t\t\t\n\t\t\tclass=\"so-widget-sow-editor so-widget-sow-editor-base\"\n\t\t\t\n\t\t>\n<div class=\"siteorigin-widget-tinymce textwidget\">\n\t<p><img loading=\"lazy\" decoding=\"async\" class=\"aligncenter wp-image-3341 size-full\" src=\"https:\/\/yourcar.rentals\/wp-content\/uploads\/Chevrolet-aveo-car-rent-2-527x354-1.jpg\" alt=\"\" width=\"527\" height=\"354\" srcset=\"https:\/\/yourcar.rentals\/wp-content\/uploads\/Chevrolet-aveo-car-rent-2-527x354-1.jpg 527w, https:\/\/yourcar.rentals\/wp-content\/uploads\/Chevrolet-aveo-car-rent-2-527x354-1-300x202.jpg 300w, https:\/\/yourcar.rentals\/wp-content\/uploads\/Chevrolet-aveo-car-rent-2-527x354-1-18x12.jpg 18w, https:\/\/yourcar.rentals\/wp-content\/uploads\/Chevrolet-aveo-car-rent-2-527x354-1-272x182.jpg 272w\" sizes=\"auto, (max-width: 527px) 100vw, 527px\" \/><\/p>\n<\/div>\n<\/div><\/div><\/div><div id=\"panel-2842-1-1-1\" class=\"so-panel widget widget_pw_icon_box_extended widget-icon-box-extended panel-last-child\" data-index=\"4\" ><div class=\"panel-widget-style panel-widget-style-for-2842-1-1-1\" >\n\t\t\t<div class=\"icon-box-extended\">\n\t\t\t\t<i class=\"fa\"><\/i>\n\t\t\t\t<div class=\"icon-box-extended__content\">\n\t\t\t\t\t<p class=\"h5  icon-box-extended__title\">Ma\u0219ini Chevrolet Aveo de \u00eenchiriat<\/p>\n\t\t\t\t\t<p class=\"icon-box-extended__text\">CATEGORIA A - masini Chevrolet Aveo ECONOMY de inchiriat <\/p>\n\t\t\t\t\t\t\t\t\t\t\t<a class=\"icon-box-extended__read-more\" href=\"\/ro\/book-cars\/\" target=\"_self\">Rezerv\u0103-\u021bi ma\u0219ina<\/a>\n\t\t\t\t\t\t\t\t\t<\/div>\n\t\t\t<\/div>\n\n\t\t\t<\/div><\/div><\/div><\/div><\/div><div id=\"pg-2842-2\"  class=\"panel-grid panel-has-style\" ><div class=\"panel-row-style panel-row-style-for-2842-2\" ><div id=\"pgc-2842-2-0\"  class=\"panel-grid-cell\" ><div id=\"panel-2842-2-0-0\" class=\"so-panel widget widget_sow-editor panel-first-child\" data-index=\"5\" ><div class=\"panel-widget-style panel-widget-style-for-2842-2-0-0\" ><div\n\t\t\t\n\t\t\tclass=\"so-widget-sow-editor so-widget-sow-editor-base\"\n\t\t\t\n\t\t>\n<div class=\"siteorigin-widget-tinymce textwidget\">\n\t<p><img loading=\"lazy\" decoding=\"async\" class=\"aligncenter wp-image-3340 size-full\" src=\"https:\/\/yourcar.rentals\/wp-content\/uploads\/FIAT-panda-car-rent-1b-527x361-1.jpg\" alt=\"\" width=\"527\" height=\"361\" srcset=\"https:\/\/yourcar.rentals\/wp-content\/uploads\/FIAT-panda-car-rent-1b-527x361-1.jpg 527w, https:\/\/yourcar.rentals\/wp-content\/uploads\/FIAT-panda-car-rent-1b-527x361-1-300x206.jpg 300w, https:\/\/yourcar.rentals\/wp-content\/uploads\/FIAT-panda-car-rent-1b-527x361-1-18x12.jpg 18w, https:\/\/yourcar.rentals\/wp-content\/uploads\/FIAT-panda-car-rent-1b-527x361-1-100x70.jpg 100w\" sizes=\"auto, (max-width: 527px) 100vw, 527px\" \/><\/p>\n<\/div>\n<\/div><\/div><\/div><div id=\"panel-2842-2-0-1\" class=\"so-panel widget widget_pw_icon_box_extended widget-icon-box-extended panel-last-child\" data-index=\"6\" ><div class=\"panel-widget-style panel-widget-style-for-2842-2-0-1\" >\n\t\t\t<div class=\"icon-box-extended\">\n\t\t\t\t<i class=\"fa\"><\/i>\n\t\t\t\t<div class=\"icon-box-extended__content\">\n\t\t\t\t\t<p class=\"h5  icon-box-extended__title\">FIAT Panda<\/p>\n\t\t\t\t\t<p class=\"icon-box-extended__text\">CATEGORIA A - masini FIAT Panda ECONOMY de inchiriat <\/p>\n\t\t\t\t\t\t\t\t\t\t\t<a class=\"icon-box-extended__read-more\" href=\"\/ro\/book-cars\/\" target=\"_self\">Rezerv\u0103-\u021bi ma\u0219ina<\/a>\n\t\t\t\t\t\t\t\t\t<\/div>\n\t\t\t<\/div>\n\n\t\t\t<\/div><\/div><\/div><div id=\"pgc-2842-2-1\"  class=\"panel-grid-cell\" ><div id=\"panel-2842-2-1-0\" class=\"so-panel widget widget_sow-editor panel-first-child\" data-index=\"7\" ><div class=\"panel-widget-style panel-widget-style-for-2842-2-1-0\" ><div\n\t\t\t\n\t\t\tclass=\"so-widget-sow-editor so-widget-sow-editor-base\"\n\t\t\t\n\t\t>\n<div class=\"siteorigin-widget-tinymce textwidget\">\n\t<p><img loading=\"lazy\" decoding=\"async\" class=\"aligncenter wp-image-3339 size-full\" src=\"https:\/\/yourcar.rentals\/wp-content\/uploads\/Toyota-yaris-car-rent-1a-527x359-1.jpg\" alt=\"\" width=\"527\" height=\"359\" srcset=\"https:\/\/yourcar.rentals\/wp-content\/uploads\/Toyota-yaris-car-rent-1a-527x359-1.jpg 527w, https:\/\/yourcar.rentals\/wp-content\/uploads\/Toyota-yaris-car-rent-1a-527x359-1-300x204.jpg 300w, https:\/\/yourcar.rentals\/wp-content\/uploads\/Toyota-yaris-car-rent-1a-527x359-1-18x12.jpg 18w\" sizes=\"auto, (max-width: 527px) 100vw, 527px\" \/><\/p>\n<\/div>\n<\/div><\/div><\/div><div id=\"panel-2842-2-1-1\" class=\"so-panel widget widget_pw_icon_box_extended widget-icon-box-extended panel-last-child\" data-index=\"8\" ><div class=\"panel-widget-style panel-widget-style-for-2842-2-1-1\" >\n\t\t\t<div class=\"icon-box-extended\">\n\t\t\t\t<i class=\"fa\"><\/i>\n\t\t\t\t<div class=\"icon-box-extended__content\">\n\t\t\t\t\t<p class=\"h5  icon-box-extended__title\">TOYOTA Yaris<\/p>\n\t\t\t\t\t<p class=\"icon-box-extended__text\">CATEGORIA A - masini Toyota Yaris ECONOMY de inchiriat <\/p>\n\t\t\t\t\t\t\t\t\t\t\t<a class=\"icon-box-extended__read-more\" href=\"\/ro\/book-cars\/\" target=\"_self\">Rezerv\u0103-\u021bi ma\u0219ina<\/a>\n\t\t\t\t\t\t\t\t\t<\/div>\n\t\t\t<\/div>\n\n\t\t\t<\/div><\/div><\/div><\/div><\/div><div id=\"pg-2842-3\"  class=\"panel-grid panel-has-style\" ><div class=\"panel-row-style panel-row-style-for-2842-3\" ><div id=\"pgc-2842-3-0\"  class=\"panel-grid-cell\" ><div id=\"panel-2842-3-0-0\" class=\"so-panel widget widget_sow-editor panel-first-child\" data-index=\"9\" ><div class=\"panel-widget-style panel-widget-style-for-2842-3-0-0\" ><div\n\t\t\t\n\t\t\tclass=\"so-widget-sow-editor so-widget-sow-editor-base\"\n\t\t\t\n\t\t>\n<div class=\"siteorigin-widget-tinymce textwidget\">\n\t<p><img loading=\"lazy\" decoding=\"async\" class=\"aligncenter wp-image-3335 size-full\" src=\"https:\/\/yourcar.rentals\/wp-content\/uploads\/Nissan-Micra-car-rent-3-527x402-1.jpg\" alt=\"\" width=\"527\" height=\"402\" srcset=\"https:\/\/yourcar.rentals\/wp-content\/uploads\/Nissan-Micra-car-rent-3-527x402-1.jpg 527w, https:\/\/yourcar.rentals\/wp-content\/uploads\/Nissan-Micra-car-rent-3-527x402-1-300x229.jpg 300w, https:\/\/yourcar.rentals\/wp-content\/uploads\/Nissan-Micra-car-rent-3-527x402-1-16x12.jpg 16w\" sizes=\"auto, (max-width: 527px) 100vw, 527px\" \/><\/p>\n<\/div>\n<\/div><\/div><\/div><div id=\"panel-2842-3-0-1\" class=\"so-panel widget widget_pw_icon_box_extended widget-icon-box-extended panel-last-child\" data-index=\"10\" ><div class=\"panel-widget-style panel-widget-style-for-2842-3-0-1\" >\n\t\t\t<div class=\"icon-box-extended\">\n\t\t\t\t<i class=\"fa\"><\/i>\n\t\t\t\t<div class=\"icon-box-extended__content\">\n\t\t\t\t\t<p class=\"h5  icon-box-extended__title\">Nissan Micra<\/p>\n\t\t\t\t\t<p class=\"icon-box-extended__text\">CATEGORIA A - masini Nissan Micra ECONOMY de inchiriat <\/p>\n\t\t\t\t\t\t\t\t\t\t\t<a class=\"icon-box-extended__read-more\" href=\"\/ro\/book-cars\/\" target=\"_self\">Rezerv\u0103-\u021bi ma\u0219ina<\/a>\n\t\t\t\t\t\t\t\t\t<\/div>\n\t\t\t<\/div>\n\n\t\t\t<\/div><\/div><\/div><div id=\"pgc-2842-3-1\"  class=\"panel-grid-cell\" ><div id=\"panel-2842-3-1-0\" class=\"so-panel widget widget_sow-editor panel-first-child\" data-index=\"11\" ><div class=\"panel-widget-style panel-widget-style-for-2842-3-1-0\" ><div\n\t\t\t\n\t\t\tclass=\"so-widget-sow-editor so-widget-sow-editor-base\"\n\t\t\t\n\t\t>\n<div class=\"siteorigin-widget-tinymce textwidget\">\n\t<p><img loading=\"lazy\" decoding=\"async\" class=\"aligncenter wp-image-3336 size-full\" src=\"https:\/\/yourcar.rentals\/wp-content\/uploads\/volkswagen-polo-car-rent-3-527x351-1.jpg\" alt=\"\" width=\"527\" height=\"351\" srcset=\"https:\/\/yourcar.rentals\/wp-content\/uploads\/volkswagen-polo-car-rent-3-527x351-1.jpg 527w, https:\/\/yourcar.rentals\/wp-content\/uploads\/volkswagen-polo-car-rent-3-527x351-1-300x200.jpg 300w, https:\/\/yourcar.rentals\/wp-content\/uploads\/volkswagen-polo-car-rent-3-527x351-1-18x12.jpg 18w, https:\/\/yourcar.rentals\/wp-content\/uploads\/volkswagen-polo-car-rent-3-527x351-1-272x182.jpg 272w\" sizes=\"auto, (max-width: 527px) 100vw, 527px\" \/><\/p>\n<\/div>\n<\/div><\/div><\/div><div id=\"panel-2842-3-1-1\" class=\"so-panel widget widget_pw_icon_box_extended widget-icon-box-extended panel-last-child\" data-index=\"12\" ><div class=\"panel-widget-style panel-widget-style-for-2842-3-1-1\" >\n\t\t\t<div class=\"icon-box-extended\">\n\t\t\t\t<i class=\"fa\"><\/i>\n\t\t\t\t<div class=\"icon-box-extended__content\">\n\t\t\t\t\t<p class=\"h5  icon-box-extended__title\">Volkswagen POLO<\/p>\n\t\t\t\t\t<p class=\"icon-box-extended__text\">CATEGORIA A - ma\u0219ini VOLKSWAGEN Polo ECONOMY de \u00eenchiriat <\/p>\n\t\t\t\t\t\t\t\t\t\t\t<a class=\"icon-box-extended__read-more\" href=\"\/ro\/book-cars\/\" target=\"_self\">Rezerv\u0103-\u021bi ma\u0219ina<\/a>\n\t\t\t\t\t\t\t\t\t<\/div>\n\t\t\t<\/div>\n\n\t\t\t<\/div><\/div><\/div><\/div><\/div><div id=\"pg-2842-4\"  class=\"panel-grid panel-has-style\" ><div class=\"panel-row-style panel-row-style-for-2842-4\" ><div id=\"pgc-2842-4-0\"  class=\"panel-grid-cell\" ><div id=\"panel-2842-4-0-0\" class=\"so-panel widget widget_sow-editor panel-first-child\" data-index=\"13\" ><div class=\"panel-widget-style panel-widget-style-for-2842-4-0-0\" ><div\n\t\t\t\n\t\t\tclass=\"so-widget-sow-editor so-widget-sow-editor-base\"\n\t\t\t\n\t\t>\n<div class=\"siteorigin-widget-tinymce textwidget\">\n\t<p><img loading=\"lazy\" decoding=\"async\" class=\"aligncenter wp-image-3331 size-full\" src=\"https:\/\/yourcar.rentals\/wp-content\/uploads\/volkswagen-polo-car-rent-1-527x276-1.jpg\" alt=\"\" width=\"527\" height=\"276\" srcset=\"https:\/\/yourcar.rentals\/wp-content\/uploads\/volkswagen-polo-car-rent-1-527x276-1.jpg 527w, https:\/\/yourcar.rentals\/wp-content\/uploads\/volkswagen-polo-car-rent-1-527x276-1-300x157.jpg 300w, https:\/\/yourcar.rentals\/wp-content\/uploads\/volkswagen-polo-car-rent-1-527x276-1-18x9.jpg 18w\" sizes=\"auto, (max-width: 527px) 100vw, 527px\" \/><\/p>\n<\/div>\n<\/div><\/div><\/div><div id=\"panel-2842-4-0-1\" class=\"so-panel widget widget_pw_icon_box_extended widget-icon-box-extended panel-last-child\" data-index=\"14\" ><div class=\"panel-widget-style panel-widget-style-for-2842-4-0-1\" >\n\t\t\t<div class=\"icon-box-extended\">\n\t\t\t\t<i class=\"fa\"><\/i>\n\t\t\t\t<div class=\"icon-box-extended__content\">\n\t\t\t\t\t<p class=\"h5  icon-box-extended__title\">Volkswagen POLO<\/p>\n\t\t\t\t\t<p class=\"icon-box-extended__text\">CATEGORIA A - ma\u0219ini VOLKSWAGEN Polo ECONOMY de \u00eenchiriat <\/p>\n\t\t\t\t\t\t\t\t\t\t\t<a class=\"icon-box-extended__read-more\" href=\"\/ro\/book-cars\/\" target=\"_self\">Rezerv\u0103-\u021bi ma\u0219ina<\/a>\n\t\t\t\t\t\t\t\t\t<\/div>\n\t\t\t<\/div>\n\n\t\t\t<\/div><\/div><\/div><div id=\"pgc-2842-4-1\"  class=\"panel-grid-cell\" ><div id=\"panel-2842-4-1-0\" class=\"so-panel widget widget_sow-editor panel-first-child\" data-index=\"15\" ><div class=\"panel-widget-style panel-widget-style-for-2842-4-1-0\" ><div\n\t\t\t\n\t\t\tclass=\"so-widget-sow-editor so-widget-sow-editor-base\"\n\t\t\t\n\t\t>\n<div class=\"siteorigin-widget-tinymce textwidget\">\n\t<p><img loading=\"lazy\" decoding=\"async\" class=\"aligncenter wp-image-3334 size-full\" src=\"https:\/\/yourcar.rentals\/wp-content\/uploads\/nissan-mikra-car-for-rent-thessaloniki-2-527x253-1.jpg\" alt=\"\" width=\"527\" height=\"253\" srcset=\"https:\/\/yourcar.rentals\/wp-content\/uploads\/nissan-mikra-car-for-rent-thessaloniki-2-527x253-1.jpg 527w, https:\/\/yourcar.rentals\/wp-content\/uploads\/nissan-mikra-car-for-rent-thessaloniki-2-527x253-1-300x144.jpg 300w, https:\/\/yourcar.rentals\/wp-content\/uploads\/nissan-mikra-car-for-rent-thessaloniki-2-527x253-1-18x9.jpg 18w\" sizes=\"auto, (max-width: 527px) 100vw, 527px\" \/><\/p>\n<\/div>\n<\/div><\/div><\/div><div id=\"panel-2842-4-1-1\" class=\"so-panel widget widget_pw_icon_box_extended widget-icon-box-extended panel-last-child\" data-index=\"16\" ><div class=\"panel-widget-style panel-widget-style-for-2842-4-1-1\" >\n\t\t\t<div class=\"icon-box-extended\">\n\t\t\t\t<i class=\"fa\"><\/i>\n\t\t\t\t<div class=\"icon-box-extended__content\">\n\t\t\t\t\t<p class=\"h5  icon-box-extended__title\">MA\u0218INI DE LUX<\/p>\n\t\t\t\t\t<p class=\"icon-box-extended__text\">Ma\u0219ini de lux de \u00eenchiriat - contacta\u021bi-ne<\/p>\n\t\t\t\t\t\t\t\t\t\t\t<a class=\"icon-box-extended__read-more\" href=\"\/ro\/book-cars\/\" target=\"_self\">Rezerv\u0103-\u021bi ma\u0219ina<\/a>\n\t\t\t\t\t\t\t\t\t<\/div>\n\t\t\t<\/div>\n\n\t\t\t<\/div><\/div><\/div><\/div><\/div><div id=\"pg-2842-5\"  class=\"panel-grid panel-has-style\" ><div class=\"siteorigin-panels-stretch panel-row-style panel-row-style-for-2842-5\" data-stretch-type=\"full\" ><div id=\"pgc-2842-5-0\"  class=\"panel-grid-cell\" ><div id=\"panel-2842-5-0-0\" class=\"so-panel widget widget_pw_call_to_action widget-call-to-action panel-first-child panel-last-child\" data-index=\"17\" ><div class=\"book-now-in-car-fleet-class panel-widget-style panel-widget-style-for-2842-5-0-0\" id=\"book-now-in-car-fleet-widget\" >\t\t\t\t<div class=\"call-to-action\">\n\t\t\t\t\t<div class=\"call-to-action__text\">\n\t\t\t\t\t\t<h2 class=\"call-to-action__title\">\n\t\t\t\t\t\t\tPRE\u021aURI PENTRU \u00ceNCHIRIERE AUTO\t\t\t\t\t\t<\/h2>\n\t\t\t\t\t\t\t\t\t\t\t\t<p class=\"call-to-action__subtitle\">\n\t\t\t\t\t\t\tConsulta\u021bi pre\u021burile noastre de \u00eenchiriere de ma\u0219ini pentru SALONIC (ora\u0219 \u0219i aeroport SKG) \u0219i HALKIDIKI\t\t\t\t\t\t<\/p>\n\t\t\t\t\t\t\t\t\t\t\t<\/div>\n\t\t\t\t\t<div class=\"call-to-action__button\">\n\t\t\t\t\t\t<a class=\"btn  btn-primary\" href=\"https:\/\/yourcar.rentals\/ro\/pricing\/\" target=\"_self\"><i class=\"fa fa-phone\"><\/i>  Preturi pentru inchirieri auto<\/a>\t\t\t\t\t<\/div>\n\t\t\t\t<\/div>\n\t\t\t<\/div><\/div><\/div><\/div><\/div><div id=\"pg-2842-6\"  class=\"panel-grid panel-has-style\" ><div class=\"siteorigin-panels-stretch panel-row-style panel-row-style-for-2842-6\" data-stretch-type=\"full\" ><div id=\"pgc-2842-6-0\"  class=\"panel-grid-cell\" ><div id=\"panel-2842-6-0-0\" class=\"so-panel widget widget_text panel-first-child\" data-index=\"18\" ><h3 class=\"widget-title\"><span class=\"widget-title__inline\">De ce s\u0103 v\u0103 rezerva\u021bi cu noi \u00eenchirierea ma\u0219inii \u00een Salonic \u0219i Halkidiki!<\/span><\/h3>\t\t\t<div class=\"textwidget\"><p>Compania noastr\u0103 a fost activ\u0103 \u00een sectorul auto cu succes \u00een ultimii ani. Filosofia noastr\u0103 centrat\u0103 pe om te face s\u0103 te sim\u021bi f\u0103r\u0103 griji \u0219i \u00een siguran\u021b\u0103 la fiecare pas.<\/p>\n<p>\u00cenchirierea unei ma\u0219ini v\u0103 ofer\u0103 posibilitatea de a vizita unul dintre cele mai frumoase ora\u0219e din Grecia, Salonic, \u0219i de a explora zonele sale cele mai istorice \u0219i faimoase, din punct de vedere economic, pl\u0103cut \u0219i mai ales \u00een siguran\u021b\u0103.<\/p>\n<p>Biroul nostru este la c\u00e2teva minute de centrul ora\u0219ului, gara, sta\u021bia de autobuz \u0219i port.<\/p>\n<p>Cu accentul principal al companiei pe furnizarea de ma\u0219ini de calitate excelent\u0103, servicii prietenoase \u0219i pre\u021buri accesibile, personalul nostru este disponibil pentru orice nevoie.<\/p>\n<p>Scopul companiei noastre este de a oferi servicii cu cel mai bun raport calitate-pret ca:<\/p>\n<ul>\n<li>Ma\u0219inile noastre sunt la standarde europene, \u00eentre\u021binere excelent\u0103, cu control mecanic complet<\/li>\n<li>\u00a0Exist\u0103 flexibilitate \u00een loca\u021bia \u0219i ora de ridicare \u0219i livrare<\/li>\n<li>\u00a0Pre\u021burile sunt mici \u0219i includ c\u00e2teva beneficii suplimentare<\/li>\n<li>\u00a0Este posibil s\u0103 alege\u021bi o asigurare complet\u0103<\/li>\n<li>Flota noastr\u0103 este re\u00eennoit\u0103 frecvent<\/li>\n<li>Un card de credit\/debit nu este considerat necesar<\/li>\n<li>Exist\u0103 op\u021biunea de a pl\u0103ti garan\u021bia \u0219i de a o returna la livrare<\/li>\n<li>Asigurarea totala de furt este inclusa in pachetul de baza.<\/li>\n<\/ul>\n<\/div>\n\t\t<\/div><div id=\"panel-2842-6-0-1\" class=\"so-panel widget widget_pw_icon_box_extended widget-icon-box-extended\" data-index=\"19\" >\n\t\t\t<div class=\"icon-box-extended\">\n\t\t\t\t<i class=\"fa  fa-comments-o\"><\/i>\n\t\t\t\t<div class=\"icon-box-extended__content\">\n\t\t\t\t\t<p class=\"h5  icon-box-extended__title\">Servicii de \u00eenchiriere auto de la YourCar.rentals<\/p>\n\t\t\t\t\t<p class=\"icon-box-extended__text\">Compania noastr\u0103 a fost activ\u0103 \u00een sectorul auto cu succes \u00een ultimii ani. Filosofia noastr\u0103 centrat\u0103 pe om te face s\u0103 te sim\u021bi f\u0103r\u0103 griji \u0219i \u00een siguran\u021b\u0103 la fiecare pas<\/p>\n\t\t\t\t\t\t\t\t\t\t\t<a class=\"icon-box-extended__read-more\" href=\"https:\/\/yourcar.rentals\/ro\/book-cars\/\" target=\"_self\">Rezerv\u0103-\u021bi acum \u00eenchirierea ma\u0219inii<\/a>\n\t\t\t\t\t\t\t\t\t<\/div>\n\t\t\t<\/div>\n\n\t\t\t<\/div><div id=\"panel-2842-6-0-2\" class=\"so-panel widget widget_pw_call_to_action widget-call-to-action panel-last-child\" data-index=\"20\" ><div class=\"book-now-in-car-fleet-class panel-widget-style panel-widget-style-for-2842-6-0-2\" id=\"book-now-in-car-fleet-widget\" >\t\t\t\t<div class=\"call-to-action\">\n\t\t\t\t\t<div class=\"call-to-action__text\">\n\t\t\t\t\t\t<h2 class=\"call-to-action__title\">\n\t\t\t\t\t\t\tServicii de \u00eenchiriere auto \u00een SALONIC (ora\u0219 \u0219i aeroport SKG) \u0219i HALKIDIKI\t\t\t\t\t\t<\/h2>\n\t\t\t\t\t\t\t\t\t\t\t\t<p class=\"call-to-action__subtitle\">\n\t\t\t\t\t\t\tSigur - Nou - De \u00eencredere - \u00cenchirieri ma\u0219ini ieftine \u00een MACEDONIA GRECIA\t\t\t\t\t\t<\/p>\n\t\t\t\t\t\t\t\t\t\t\t<\/div>\n\t\t\t\t\t<div class=\"call-to-action__button\">\n\t\t\t\t\t\t<a class=\"btn  btn-primary\" href=\"https:\/\/yourcar.rentals\/ro\/book-cars\/\" target=\"_self\"><i class=\"fa fa-phone\"><\/i>  Rezerva acum<\/a>\t\t\t\t\t<\/div>\n\t\t\t\t<\/div>\n\t\t\t<\/div><\/div><\/div><\/div><\/div><div id=\"pg-2842-7\"  class=\"panel-grid panel-no-style\" ><div id=\"pgc-2842-7-0\"  class=\"panel-grid-cell\" ><div id=\"panel-2842-7-0-0\" class=\"so-panel widget widget_sow-editor panel-first-child\" data-index=\"21\" ><div\n\t\t\t\n\t\t\tclass=\"so-widget-sow-editor so-widget-sow-editor-base\"\n\t\t\t\n\t\t>\n<div class=\"siteorigin-widget-tinymce textwidget\">\n\t<hr \/>\n<\/div>\n<\/div><\/div><div id=\"panel-2842-7-0-1\" class=\"so-panel widget widget_sow-editor\" data-index=\"22\" ><div\n\t\t\t\n\t\t\tclass=\"so-widget-sow-editor so-widget-sow-editor-base\"\n\t\t\t\n\t\t>\n<div class=\"siteorigin-widget-tinymce textwidget\">\n\t<h3 style=\"text-align: center; color: #0d6ed5;\">Ma\u0219inile de \u00eenchiriat premium de lux sunt oferite la pre\u021buri surprinz\u0103toare!<\/h3>\n<\/div>\n<\/div><\/div><div id=\"panel-2842-7-0-2\" class=\"so-panel widget widget_sow-image\" data-index=\"23\" ><div class=\"luxurious-cars-rental panel-widget-style panel-widget-style-for-2842-7-0-2\" id=\"luxurious-cars-rental\" ><div\n\t\t\t\n\t\t\tclass=\"so-widget-sow-image so-widget-sow-image-default-113ccd71f3e6-2842\"\n\t\t\t\n\t\t>\n<div class=\"sow-image-container\">\n\t\t<img \n\tsrc=\"https:\/\/yourcar.rentals\/wp-content\/uploads\/01-luxurious-cars-for-rent-thessaloniki-airport-halkidiki-2-1150x315-1.jpg\" width=\"1150\" height=\"315\" srcset=\"https:\/\/yourcar.rentals\/wp-content\/uploads\/01-luxurious-cars-for-rent-thessaloniki-airport-halkidiki-2-1150x315-1.jpg 1150w, https:\/\/yourcar.rentals\/wp-content\/uploads\/01-luxurious-cars-for-rent-thessaloniki-airport-halkidiki-2-1150x315-1-300x82.jpg 300w, https:\/\/yourcar.rentals\/wp-content\/uploads\/01-luxurious-cars-for-rent-thessaloniki-airport-halkidiki-2-1150x315-1-1024x280.jpg 1024w, https:\/\/yourcar.rentals\/wp-content\/uploads\/01-luxurious-cars-for-rent-thessaloniki-airport-halkidiki-2-1150x315-1-768x210.jpg 768w, https:\/\/yourcar.rentals\/wp-content\/uploads\/01-luxurious-cars-for-rent-thessaloniki-airport-halkidiki-2-1150x315-1-18x5.jpg 18w\" sizes=\"(max-width: 1150px) 100vw, 1150px\" title=\"Luxurious cars for rent in Thessaloniki Macedonia Greece\" alt=\"Ma\u0219ini de \u00eenchiriat premium de lux sunt oferite la pre\u021buri surprinz\u0103toare\" \t\tclass=\"so-widget-image\"\/>\n\t<\/div>\n\n<\/div><\/div><\/div><div id=\"panel-2842-7-0-3\" class=\"so-panel widget widget_sow-editor panel-last-child\" data-index=\"24\" ><div\n\t\t\t\n\t\t\tclass=\"so-widget-sow-editor so-widget-sow-editor-base\"\n\t\t\t\n\t\t>\n<div class=\"siteorigin-widget-tinymce textwidget\">\n\t<p style=\"text-align: center;\">...ob\u021bine\u021bi o cota\u021bie gratuit\u0103 pentru serviciile noastre de \u00eenchiriere de ma\u0219ini de lux \u00een Salonic - Halkidiki - Aeroportul Salonic<\/p>\n<\/div>\n<\/div><\/div><\/div><\/div><\/div>","protected":false},"excerpt":{"rendered":"<p>\u00cenchiriere de ma\u0219ini \u00een Salonic \u2013 Aeroportul Salonic \u0219i HALKIDIKI (Chalkidiki) \u00cenchiriere de ma\u0219ini Hyundai i20 CATEGORIA A \u2013 \u00cenchiriere de ma\u0219ini Hyundai i20 ECONOMY Rezerva\u021bi-v\u0103 ma\u0219ina de \u00eenchiriat Chevrolet Aveo de \u00eenchiriat CATEGORIA A \u2013 Chevrolet Aveo ECONOMY de \u00eenchiriat Rezerva\u021bi ma\u0219ina de \u00eenchiriat CATEGORIA FIAT\u0102 Panda A \u2013 Ma\u0219ini FIAT Panda ECONOMY pentru...<\/p>","protected":false},"author":1,"featured_media":0,"parent":0,"menu_order":0,"comment_status":"closed","ping_status":"closed","template":"","meta":{"_acf_changed":false,"footnotes":""},"class_list":{"0":"post-2842","1":"page","2":"type-page","3":"status-publish","5":"clearfix","6":"article"},"acf":[],"_links":{"self":[{"href":"https:\/\/yourcar.rentals\/ro\/wp-json\/wp\/v2\/pages\/2842","targetHints":{"allow":["GET"]}}],"collection":[{"href":"https:\/\/yourcar.rentals\/ro\/wp-json\/wp\/v2\/pages"}],"about":[{"href":"https:\/\/yourcar.rentals\/ro\/wp-json\/wp\/v2\/types\/page"}],"author":[{"embeddable":true,"href":"https:\/\/yourcar.rentals\/ro\/wp-json\/wp\/v2\/users\/1"}],"replies":[{"embeddable":true,"href":"https:\/\/yourcar.rentals\/ro\/wp-json\/wp\/v2\/comments?post=2842"}],"version-history":[{"count":0,"href":"https:\/\/yourcar.rentals\/ro\/wp-json\/wp\/v2\/pages\/2842\/revisions"}],"wp:attachment":[{"href":"https:\/\/yourcar.rentals\/ro\/wp-json\/wp\/v2\/media?parent=2842"}],"curies":[{"name":"wp","href":"https:\/\/api.w.org\/{rel}","templated":true}]}}