{"id":2842,"date":"2017-08-30T10:52:45","date_gmt":"2017-08-30T07:52:45","guid":{"rendered":"https:\/\/xml-io.proteusthemes.com\/growthpress\/?page_id=10"},"modified":"2023-05-31T23:35:38","modified_gmt":"2023-05-31T20:35:38","slug":"fleet-car-types","status":"publish","type":"page","link":"https:\/\/yourcar.rentals\/fr\/fleet-car-types\/","title":{"rendered":"Flotte de location de voitures"},"content":{"rendered":"<div id=\"pl-2842\"  class=\"panel-layout\" ><div id=\"pg-2842-0\"  class=\"panel-grid panel-no-style\" ><div id=\"pgc-2842-0-0\"  class=\"panel-grid-cell\" ><div id=\"panel-2842-0-0-0\" class=\"so-panel widget widget_sow-headline panel-first-child panel-last-child\" data-index=\"0\" ><div\n\t\t\t\n\t\t\tclass=\"so-widget-sow-headline so-widget-sow-headline-default-33d0094781b6-2842\"\n\t\t\t\n\t\t><div class=\"sow-headline-container\">\n\t\t\t\t\t\t\t<h1 class=\"sow-headline\">\n\t\t\t\t\t\tLocation de voiture \u00e0 THESSALONIQUE - A\u00e9roport de THESSALONIQUE &amp; HALKIDIKI (Chalkidiki)\t\t\t\t\t\t<\/h1>\n\t\t\t\t\t\t\t\t\t\t\t<div class=\"decoration\">\n\t\t\t\t\t\t<div class=\"decoration-inside\"><\/div>\n\t\t\t\t\t<\/div>\n\t\t\t\t\t<\/div>\n<\/div><\/div><\/div><\/div><div id=\"pg-2842-1\"  class=\"panel-grid panel-has-style\" ><div class=\"panel-row-style panel-row-style-for-2842-1\" ><div id=\"pgc-2842-1-0\"  class=\"panel-grid-cell\" ><div id=\"panel-2842-1-0-0\" class=\"so-panel widget widget_sow-editor panel-first-child\" data-index=\"1\" ><div class=\"panel-widget-style panel-widget-style-for-2842-1-0-0\" ><div\n\t\t\t\n\t\t\tclass=\"so-widget-sow-editor so-widget-sow-editor-base\"\n\t\t\t\n\t\t>\n<div class=\"siteorigin-widget-tinymce textwidget\">\n\t<p><img loading=\"lazy\" decoding=\"async\" class=\"aligncenter wp-image-3342 size-full\" src=\"https:\/\/yourcar.rentals\/wp-content\/uploads\/Hyundai-i20-5door-2010-1b-527x386-1.jpg\" alt=\"\" width=\"527\" height=\"386\" srcset=\"https:\/\/yourcar.rentals\/wp-content\/uploads\/Hyundai-i20-5door-2010-1b-527x386-1.jpg 527w, https:\/\/yourcar.rentals\/wp-content\/uploads\/Hyundai-i20-5door-2010-1b-527x386-1-300x220.jpg 300w, https:\/\/yourcar.rentals\/wp-content\/uploads\/Hyundai-i20-5door-2010-1b-527x386-1-16x12.jpg 16w\" sizes=\"auto, (max-width: 527px) 100vw, 527px\" \/><\/p>\n<\/div>\n<\/div><\/div><\/div><div id=\"panel-2842-1-0-1\" class=\"so-panel widget widget_pw_icon_box_extended widget-icon-box-extended panel-last-child\" data-index=\"2\" ><div class=\"panel-widget-style panel-widget-style-for-2842-1-0-1\" >\n\t\t\t<div class=\"icon-box-extended\">\n\t\t\t\t<i class=\"fa\"><\/i>\n\t\t\t\t<div class=\"icon-box-extended__content\">\n\t\t\t\t\t<p class=\"h5  icon-box-extended__title\">Voitures Hyundai i20 \u00e0 louer<\/p>\n\t\t\t\t\t<p class=\"icon-box-extended__text\">CAT\u00c9GORIE A - Voitures Hyundai i20 ECONOMY \u00e0 louer <\/p>\n\t\t\t\t\t\t\t\t\t\t\t<a class=\"icon-box-extended__read-more\" href=\"\/fr\/book-cars\/\" target=\"_self\">R\u00e9servez votre voiture<\/a>\n\t\t\t\t\t\t\t\t\t<\/div>\n\t\t\t<\/div>\n\n\t\t\t<\/div><\/div><\/div><div id=\"pgc-2842-1-1\"  class=\"panel-grid-cell\" ><div id=\"panel-2842-1-1-0\" class=\"so-panel widget widget_sow-editor panel-first-child\" data-index=\"3\" ><div class=\"panel-widget-style panel-widget-style-for-2842-1-1-0\" ><div\n\t\t\t\n\t\t\tclass=\"so-widget-sow-editor so-widget-sow-editor-base\"\n\t\t\t\n\t\t>\n<div class=\"siteorigin-widget-tinymce textwidget\">\n\t<p><img loading=\"lazy\" decoding=\"async\" class=\"aligncenter wp-image-3341 size-full\" src=\"https:\/\/yourcar.rentals\/wp-content\/uploads\/Chevrolet-aveo-car-rent-2-527x354-1.jpg\" alt=\"\" width=\"527\" height=\"354\" srcset=\"https:\/\/yourcar.rentals\/wp-content\/uploads\/Chevrolet-aveo-car-rent-2-527x354-1.jpg 527w, https:\/\/yourcar.rentals\/wp-content\/uploads\/Chevrolet-aveo-car-rent-2-527x354-1-300x202.jpg 300w, https:\/\/yourcar.rentals\/wp-content\/uploads\/Chevrolet-aveo-car-rent-2-527x354-1-18x12.jpg 18w, https:\/\/yourcar.rentals\/wp-content\/uploads\/Chevrolet-aveo-car-rent-2-527x354-1-272x182.jpg 272w\" sizes=\"auto, (max-width: 527px) 100vw, 527px\" \/><\/p>\n<\/div>\n<\/div><\/div><\/div><div id=\"panel-2842-1-1-1\" class=\"so-panel widget widget_pw_icon_box_extended widget-icon-box-extended panel-last-child\" data-index=\"4\" ><div class=\"panel-widget-style panel-widget-style-for-2842-1-1-1\" >\n\t\t\t<div class=\"icon-box-extended\">\n\t\t\t\t<i class=\"fa\"><\/i>\n\t\t\t\t<div class=\"icon-box-extended__content\">\n\t\t\t\t\t<p class=\"h5  icon-box-extended__title\">Voitures Chevrolet Aveo \u00e0 louer<\/p>\n\t\t\t\t\t<p class=\"icon-box-extended__text\">CAT\u00c9GORIE A - Voitures Chevrolet Aveo ECONOMY \u00e0 louer <\/p>\n\t\t\t\t\t\t\t\t\t\t\t<a class=\"icon-box-extended__read-more\" href=\"\/fr\/book-cars\/\" target=\"_self\">R\u00e9servez votre voiture<\/a>\n\t\t\t\t\t\t\t\t\t<\/div>\n\t\t\t<\/div>\n\n\t\t\t<\/div><\/div><\/div><\/div><\/div><div id=\"pg-2842-2\"  class=\"panel-grid panel-has-style\" ><div class=\"panel-row-style panel-row-style-for-2842-2\" ><div id=\"pgc-2842-2-0\"  class=\"panel-grid-cell\" ><div id=\"panel-2842-2-0-0\" class=\"so-panel widget widget_sow-editor panel-first-child\" data-index=\"5\" ><div class=\"panel-widget-style panel-widget-style-for-2842-2-0-0\" ><div\n\t\t\t\n\t\t\tclass=\"so-widget-sow-editor so-widget-sow-editor-base\"\n\t\t\t\n\t\t>\n<div class=\"siteorigin-widget-tinymce textwidget\">\n\t<p><img loading=\"lazy\" decoding=\"async\" class=\"aligncenter wp-image-3340 size-full\" src=\"https:\/\/yourcar.rentals\/wp-content\/uploads\/FIAT-panda-car-rent-1b-527x361-1.jpg\" alt=\"\" width=\"527\" height=\"361\" srcset=\"https:\/\/yourcar.rentals\/wp-content\/uploads\/FIAT-panda-car-rent-1b-527x361-1.jpg 527w, https:\/\/yourcar.rentals\/wp-content\/uploads\/FIAT-panda-car-rent-1b-527x361-1-300x206.jpg 300w, https:\/\/yourcar.rentals\/wp-content\/uploads\/FIAT-panda-car-rent-1b-527x361-1-18x12.jpg 18w, https:\/\/yourcar.rentals\/wp-content\/uploads\/FIAT-panda-car-rent-1b-527x361-1-100x70.jpg 100w\" sizes=\"auto, (max-width: 527px) 100vw, 527px\" \/><\/p>\n<\/div>\n<\/div><\/div><\/div><div id=\"panel-2842-2-0-1\" class=\"so-panel widget widget_pw_icon_box_extended widget-icon-box-extended panel-last-child\" data-index=\"6\" ><div class=\"panel-widget-style panel-widget-style-for-2842-2-0-1\" >\n\t\t\t<div class=\"icon-box-extended\">\n\t\t\t\t<i class=\"fa\"><\/i>\n\t\t\t\t<div class=\"icon-box-extended__content\">\n\t\t\t\t\t<p class=\"h5  icon-box-extended__title\">FIAT Panda<\/p>\n\t\t\t\t\t<p class=\"icon-box-extended__text\">CAT\u00c9GORIE A - Voitures FIAT Panda ECONOMY \u00e0 louer <\/p>\n\t\t\t\t\t\t\t\t\t\t\t<a class=\"icon-box-extended__read-more\" href=\"\/fr\/book-cars\/\" target=\"_self\">R\u00e9servez votre voiture<\/a>\n\t\t\t\t\t\t\t\t\t<\/div>\n\t\t\t<\/div>\n\n\t\t\t<\/div><\/div><\/div><div id=\"pgc-2842-2-1\"  class=\"panel-grid-cell\" ><div id=\"panel-2842-2-1-0\" class=\"so-panel widget widget_sow-editor panel-first-child\" data-index=\"7\" ><div class=\"panel-widget-style panel-widget-style-for-2842-2-1-0\" ><div\n\t\t\t\n\t\t\tclass=\"so-widget-sow-editor so-widget-sow-editor-base\"\n\t\t\t\n\t\t>\n<div class=\"siteorigin-widget-tinymce textwidget\">\n\t<p><img loading=\"lazy\" decoding=\"async\" class=\"aligncenter wp-image-3339 size-full\" src=\"https:\/\/yourcar.rentals\/wp-content\/uploads\/Toyota-yaris-car-rent-1a-527x359-1.jpg\" alt=\"\" width=\"527\" height=\"359\" srcset=\"https:\/\/yourcar.rentals\/wp-content\/uploads\/Toyota-yaris-car-rent-1a-527x359-1.jpg 527w, https:\/\/yourcar.rentals\/wp-content\/uploads\/Toyota-yaris-car-rent-1a-527x359-1-300x204.jpg 300w, https:\/\/yourcar.rentals\/wp-content\/uploads\/Toyota-yaris-car-rent-1a-527x359-1-18x12.jpg 18w\" sizes=\"auto, (max-width: 527px) 100vw, 527px\" \/><\/p>\n<\/div>\n<\/div><\/div><\/div><div id=\"panel-2842-2-1-1\" class=\"so-panel widget widget_pw_icon_box_extended widget-icon-box-extended panel-last-child\" data-index=\"8\" ><div class=\"panel-widget-style panel-widget-style-for-2842-2-1-1\" >\n\t\t\t<div class=\"icon-box-extended\">\n\t\t\t\t<i class=\"fa\"><\/i>\n\t\t\t\t<div class=\"icon-box-extended__content\">\n\t\t\t\t\t<p class=\"h5  icon-box-extended__title\">TOYOTA Yaris<\/p>\n\t\t\t\t\t<p class=\"icon-box-extended__text\">CAT\u00c9GORIE A - Location de voitures Toyota Yaris ECONOMY <\/p>\n\t\t\t\t\t\t\t\t\t\t\t<a class=\"icon-box-extended__read-more\" href=\"\/fr\/book-cars\/\" target=\"_self\">R\u00e9servez votre voiture<\/a>\n\t\t\t\t\t\t\t\t\t<\/div>\n\t\t\t<\/div>\n\n\t\t\t<\/div><\/div><\/div><\/div><\/div><div id=\"pg-2842-3\"  class=\"panel-grid panel-has-style\" ><div class=\"panel-row-style panel-row-style-for-2842-3\" ><div id=\"pgc-2842-3-0\"  class=\"panel-grid-cell\" ><div id=\"panel-2842-3-0-0\" class=\"so-panel widget widget_sow-editor panel-first-child\" data-index=\"9\" ><div class=\"panel-widget-style panel-widget-style-for-2842-3-0-0\" ><div\n\t\t\t\n\t\t\tclass=\"so-widget-sow-editor so-widget-sow-editor-base\"\n\t\t\t\n\t\t>\n<div class=\"siteorigin-widget-tinymce textwidget\">\n\t<p><img loading=\"lazy\" decoding=\"async\" class=\"aligncenter wp-image-3335 size-full\" src=\"https:\/\/yourcar.rentals\/wp-content\/uploads\/Nissan-Micra-car-rent-3-527x402-1.jpg\" alt=\"\" width=\"527\" height=\"402\" srcset=\"https:\/\/yourcar.rentals\/wp-content\/uploads\/Nissan-Micra-car-rent-3-527x402-1.jpg 527w, https:\/\/yourcar.rentals\/wp-content\/uploads\/Nissan-Micra-car-rent-3-527x402-1-300x229.jpg 300w, https:\/\/yourcar.rentals\/wp-content\/uploads\/Nissan-Micra-car-rent-3-527x402-1-16x12.jpg 16w\" sizes=\"auto, (max-width: 527px) 100vw, 527px\" \/><\/p>\n<\/div>\n<\/div><\/div><\/div><div id=\"panel-2842-3-0-1\" class=\"so-panel widget widget_pw_icon_box_extended widget-icon-box-extended panel-last-child\" data-index=\"10\" ><div class=\"panel-widget-style panel-widget-style-for-2842-3-0-1\" >\n\t\t\t<div class=\"icon-box-extended\">\n\t\t\t\t<i class=\"fa\"><\/i>\n\t\t\t\t<div class=\"icon-box-extended__content\">\n\t\t\t\t\t<p class=\"h5  icon-box-extended__title\">Nissan Micra<\/p>\n\t\t\t\t\t<p class=\"icon-box-extended__text\">CAT\u00c9GORIE A - Voitures Nissan Micra ECONOMY \u00e0 louer <\/p>\n\t\t\t\t\t\t\t\t\t\t\t<a class=\"icon-box-extended__read-more\" href=\"\/fr\/book-cars\/\" target=\"_self\">R\u00e9servez votre voiture<\/a>\n\t\t\t\t\t\t\t\t\t<\/div>\n\t\t\t<\/div>\n\n\t\t\t<\/div><\/div><\/div><div id=\"pgc-2842-3-1\"  class=\"panel-grid-cell\" ><div id=\"panel-2842-3-1-0\" class=\"so-panel widget widget_sow-editor panel-first-child\" data-index=\"11\" ><div class=\"panel-widget-style panel-widget-style-for-2842-3-1-0\" ><div\n\t\t\t\n\t\t\tclass=\"so-widget-sow-editor so-widget-sow-editor-base\"\n\t\t\t\n\t\t>\n<div class=\"siteorigin-widget-tinymce textwidget\">\n\t<p><img loading=\"lazy\" decoding=\"async\" class=\"aligncenter wp-image-3336 size-full\" src=\"https:\/\/yourcar.rentals\/wp-content\/uploads\/volkswagen-polo-car-rent-3-527x351-1.jpg\" alt=\"\" width=\"527\" height=\"351\" srcset=\"https:\/\/yourcar.rentals\/wp-content\/uploads\/volkswagen-polo-car-rent-3-527x351-1.jpg 527w, https:\/\/yourcar.rentals\/wp-content\/uploads\/volkswagen-polo-car-rent-3-527x351-1-300x200.jpg 300w, https:\/\/yourcar.rentals\/wp-content\/uploads\/volkswagen-polo-car-rent-3-527x351-1-18x12.jpg 18w, https:\/\/yourcar.rentals\/wp-content\/uploads\/volkswagen-polo-car-rent-3-527x351-1-272x182.jpg 272w\" sizes=\"auto, (max-width: 527px) 100vw, 527px\" \/><\/p>\n<\/div>\n<\/div><\/div><\/div><div id=\"panel-2842-3-1-1\" class=\"so-panel widget widget_pw_icon_box_extended widget-icon-box-extended panel-last-child\" data-index=\"12\" ><div class=\"panel-widget-style panel-widget-style-for-2842-3-1-1\" >\n\t\t\t<div class=\"icon-box-extended\">\n\t\t\t\t<i class=\"fa\"><\/i>\n\t\t\t\t<div class=\"icon-box-extended__content\">\n\t\t\t\t\t<p class=\"h5  icon-box-extended__title\">Volkswagen Polo<\/p>\n\t\t\t\t\t<p class=\"icon-box-extended__text\">CAT\u00c9GORIE A - Location de voitures VOLKSWAGEN Polo ECONOMY <\/p>\n\t\t\t\t\t\t\t\t\t\t\t<a class=\"icon-box-extended__read-more\" href=\"\/fr\/book-cars\/\" target=\"_self\">R\u00e9servez votre voiture<\/a>\n\t\t\t\t\t\t\t\t\t<\/div>\n\t\t\t<\/div>\n\n\t\t\t<\/div><\/div><\/div><\/div><\/div><div id=\"pg-2842-4\"  class=\"panel-grid panel-has-style\" ><div class=\"panel-row-style panel-row-style-for-2842-4\" ><div id=\"pgc-2842-4-0\"  class=\"panel-grid-cell\" ><div id=\"panel-2842-4-0-0\" class=\"so-panel widget widget_sow-editor panel-first-child\" data-index=\"13\" ><div class=\"panel-widget-style panel-widget-style-for-2842-4-0-0\" ><div\n\t\t\t\n\t\t\tclass=\"so-widget-sow-editor so-widget-sow-editor-base\"\n\t\t\t\n\t\t>\n<div class=\"siteorigin-widget-tinymce textwidget\">\n\t<p><img loading=\"lazy\" decoding=\"async\" class=\"aligncenter wp-image-3331 size-full\" src=\"https:\/\/yourcar.rentals\/wp-content\/uploads\/volkswagen-polo-car-rent-1-527x276-1.jpg\" alt=\"\" width=\"527\" height=\"276\" srcset=\"https:\/\/yourcar.rentals\/wp-content\/uploads\/volkswagen-polo-car-rent-1-527x276-1.jpg 527w, https:\/\/yourcar.rentals\/wp-content\/uploads\/volkswagen-polo-car-rent-1-527x276-1-300x157.jpg 300w, https:\/\/yourcar.rentals\/wp-content\/uploads\/volkswagen-polo-car-rent-1-527x276-1-18x9.jpg 18w\" sizes=\"auto, (max-width: 527px) 100vw, 527px\" \/><\/p>\n<\/div>\n<\/div><\/div><\/div><div id=\"panel-2842-4-0-1\" class=\"so-panel widget widget_pw_icon_box_extended widget-icon-box-extended panel-last-child\" data-index=\"14\" ><div class=\"panel-widget-style panel-widget-style-for-2842-4-0-1\" >\n\t\t\t<div class=\"icon-box-extended\">\n\t\t\t\t<i class=\"fa\"><\/i>\n\t\t\t\t<div class=\"icon-box-extended__content\">\n\t\t\t\t\t<p class=\"h5  icon-box-extended__title\">Volkswagen Polo<\/p>\n\t\t\t\t\t<p class=\"icon-box-extended__text\">CAT\u00c9GORIE A - Location de voitures VOLKSWAGEN Polo ECONOMY <\/p>\n\t\t\t\t\t\t\t\t\t\t\t<a class=\"icon-box-extended__read-more\" href=\"\/fr\/book-cars\/\" target=\"_self\">R\u00e9servez votre voiture<\/a>\n\t\t\t\t\t\t\t\t\t<\/div>\n\t\t\t<\/div>\n\n\t\t\t<\/div><\/div><\/div><div id=\"pgc-2842-4-1\"  class=\"panel-grid-cell\" ><div id=\"panel-2842-4-1-0\" class=\"so-panel widget widget_sow-editor panel-first-child\" data-index=\"15\" ><div class=\"panel-widget-style panel-widget-style-for-2842-4-1-0\" ><div\n\t\t\t\n\t\t\tclass=\"so-widget-sow-editor so-widget-sow-editor-base\"\n\t\t\t\n\t\t>\n<div class=\"siteorigin-widget-tinymce textwidget\">\n\t<p><img loading=\"lazy\" decoding=\"async\" class=\"aligncenter wp-image-3334 size-full\" src=\"https:\/\/yourcar.rentals\/wp-content\/uploads\/nissan-mikra-car-for-rent-thessaloniki-2-527x253-1.jpg\" alt=\"\" width=\"527\" height=\"253\" srcset=\"https:\/\/yourcar.rentals\/wp-content\/uploads\/nissan-mikra-car-for-rent-thessaloniki-2-527x253-1.jpg 527w, https:\/\/yourcar.rentals\/wp-content\/uploads\/nissan-mikra-car-for-rent-thessaloniki-2-527x253-1-300x144.jpg 300w, https:\/\/yourcar.rentals\/wp-content\/uploads\/nissan-mikra-car-for-rent-thessaloniki-2-527x253-1-18x9.jpg 18w\" sizes=\"auto, (max-width: 527px) 100vw, 527px\" \/><\/p>\n<\/div>\n<\/div><\/div><\/div><div id=\"panel-2842-4-1-1\" class=\"so-panel widget widget_pw_icon_box_extended widget-icon-box-extended panel-last-child\" data-index=\"16\" ><div class=\"panel-widget-style panel-widget-style-for-2842-4-1-1\" >\n\t\t\t<div class=\"icon-box-extended\">\n\t\t\t\t<i class=\"fa\"><\/i>\n\t\t\t\t<div class=\"icon-box-extended__content\">\n\t\t\t\t\t<p class=\"h5  icon-box-extended__title\">VOITURES DE LUXE<\/p>\n\t\t\t\t\t<p class=\"icon-box-extended__text\">Voitures de luxe \u00e0 louer - contactez-nous<\/p>\n\t\t\t\t\t\t\t\t\t\t\t<a class=\"icon-box-extended__read-more\" href=\"\/fr\/book-cars\/\" target=\"_self\">R\u00e9servez votre voiture<\/a>\n\t\t\t\t\t\t\t\t\t<\/div>\n\t\t\t<\/div>\n\n\t\t\t<\/div><\/div><\/div><\/div><\/div><div id=\"pg-2842-5\"  class=\"panel-grid panel-has-style\" ><div class=\"siteorigin-panels-stretch panel-row-style panel-row-style-for-2842-5\" data-stretch-type=\"full\" ><div id=\"pgc-2842-5-0\"  class=\"panel-grid-cell\" ><div id=\"panel-2842-5-0-0\" class=\"so-panel widget widget_pw_call_to_action widget-call-to-action panel-first-child panel-last-child\" data-index=\"17\" ><div class=\"book-now-in-car-fleet-class panel-widget-style panel-widget-style-for-2842-5-0-0\" id=\"book-now-in-car-fleet-widget\" >\t\t\t\t<div class=\"call-to-action\">\n\t\t\t\t\t<div class=\"call-to-action__text\">\n\t\t\t\t\t\t<h2 class=\"call-to-action__title\">\n\t\t\t\t\t\t\tTARIFS de LOCATION DE VOITURE\t\t\t\t\t\t<\/h2>\n\t\t\t\t\t\t\t\t\t\t\t\t<p class=\"call-to-action__subtitle\">\n\t\t\t\t\t\t\tConsultez nos tarifs de location de voitures pour THESSALONIQUE (ville et a\u00e9roport SKG) et HALKIDIKI\t\t\t\t\t\t<\/p>\n\t\t\t\t\t\t\t\t\t\t\t<\/div>\n\t\t\t\t\t<div class=\"call-to-action__button\">\n\t\t\t\t\t\t<a class=\"btn  btn-primary\" href=\"https:\/\/yourcar.rentals\/fr\/pricing\/\" target=\"_self\"><i class=\"fa fa-phone\"><\/i>  Tarifs de location de voiture<\/a>\t\t\t\t\t<\/div>\n\t\t\t\t<\/div>\n\t\t\t<\/div><\/div><\/div><\/div><\/div><div id=\"pg-2842-6\"  class=\"panel-grid panel-has-style\" ><div class=\"siteorigin-panels-stretch panel-row-style panel-row-style-for-2842-6\" data-stretch-type=\"full\" ><div id=\"pgc-2842-6-0\"  class=\"panel-grid-cell\" ><div id=\"panel-2842-6-0-0\" class=\"so-panel widget widget_text panel-first-child\" data-index=\"18\" ><h3 class=\"widget-title\"><span class=\"widget-title__inline\">Pourquoi r\u00e9server votre location de voiture \u00e0 Thessalonique et Halkidiki avec nous\u00a0!<\/span><\/h3>\t\t\t<div class=\"textwidget\"><p>Notre entreprise a \u00e9t\u00e9 active dans le secteur automobile avec succ\u00e8s ces derni\u00e8res ann\u00e9es. Notre philosophie centr\u00e9e sur l&#039;humain vous permet de vous sentir insouciant et en s\u00e9curit\u00e9 \u00e0 chaque \u00e9tape.<\/p>\n<p>Louer une voiture vous donne l&#039;opportunit\u00e9 de visiter l&#039;une des plus belles villes de Gr\u00e8ce, Thessalonique, et d&#039;explorer ses quartiers les plus historiques et c\u00e9l\u00e8bres, \u00e9conomiquement, agr\u00e9ablement et surtout en toute s\u00e9curit\u00e9.<\/p>\n<p>Notre bureau est \u00e0 quelques minutes du centre-ville, de la gare, de la gare routi\u00e8re et du port.<\/p>\n<p>L&#039;objectif principal de l&#039;entreprise \u00e9tant de fournir des voitures d&#039;excellente qualit\u00e9, un service amical et des prix abordables, notre personnel est disponible pour tous vos besoins.<\/p>\n<p>L&#039;objectif de notre soci\u00e9t\u00e9 est de fournir des services avec le meilleur rapport qualit\u00e9-prix tels que :<\/p>\n<ul>\n<li>Nos voitures sont aux normes europ\u00e9ennes, excellent entretien, avec contr\u00f4le m\u00e9canique complet<\/li>\n<li>\u00a0Il y a de la flexibilit\u00e9 dans le lieu et le moment du ramassage et de la livraison<\/li>\n<li>\u00a0Les prix sont bas et incluent plusieurs avantages suppl\u00e9mentaires<\/li>\n<li>\u00a0Il est possible de choisir une assurance compl\u00e8te<\/li>\n<li>Notre flotte est fr\u00e9quemment renouvel\u00e9e<\/li>\n<li>Une carte de cr\u00e9dit\/d\u00e9bit n&#039;est pas consid\u00e9r\u00e9e comme n\u00e9cessaire<\/li>\n<li>Il y a une option pour payer la garantie et la retourner \u00e0 la livraison<\/li>\n<li>L&#039;assurance vol total est incluse dans le forfait de base.<\/li>\n<\/ul>\n<\/div>\n\t\t<\/div><div id=\"panel-2842-6-0-1\" class=\"so-panel widget widget_pw_icon_box_extended widget-icon-box-extended\" data-index=\"19\" >\n\t\t\t<div class=\"icon-box-extended\">\n\t\t\t\t<i class=\"fa  fa-comments-o\"><\/i>\n\t\t\t\t<div class=\"icon-box-extended__content\">\n\t\t\t\t\t<p class=\"h5  icon-box-extended__title\">Services de location de voitures par YourCar.rentals<\/p>\n\t\t\t\t\t<p class=\"icon-box-extended__text\">Notre entreprise a \u00e9t\u00e9 active dans le secteur automobile avec succ\u00e8s ces derni\u00e8res ann\u00e9es. Notre philosophie centr\u00e9e sur l&#039;humain vous permet de vous sentir insouciant et en s\u00e9curit\u00e9 \u00e0 chaque \u00e9tape<\/p>\n\t\t\t\t\t\t\t\t\t\t\t<a class=\"icon-box-extended__read-more\" href=\"https:\/\/yourcar.rentals\/fr\/book-cars\/\" target=\"_self\">R\u00e9servez votre location de voiture maintenant<\/a>\n\t\t\t\t\t\t\t\t\t<\/div>\n\t\t\t<\/div>\n\n\t\t\t<\/div><div id=\"panel-2842-6-0-2\" class=\"so-panel widget widget_pw_call_to_action widget-call-to-action panel-last-child\" data-index=\"20\" ><div class=\"book-now-in-car-fleet-class panel-widget-style panel-widget-style-for-2842-6-0-2\" id=\"book-now-in-car-fleet-widget\" >\t\t\t\t<div class=\"call-to-action\">\n\t\t\t\t\t<div class=\"call-to-action__text\">\n\t\t\t\t\t\t<h2 class=\"call-to-action__title\">\n\t\t\t\t\t\t\tServices de location de voitures \u00e0 THESSALONIQUE (ville et a\u00e9roport SKG) et HALKIDIKI\t\t\t\t\t\t<\/h2>\n\t\t\t\t\t\t\t\t\t\t\t\t<p class=\"call-to-action__subtitle\">\n\t\t\t\t\t\t\tS\u00fbr - Neuf - Fiable - Location de voiture pas cher en MAC\u00c9DOINE GR\u00c8CE\t\t\t\t\t\t<\/p>\n\t\t\t\t\t\t\t\t\t\t\t<\/div>\n\t\t\t\t\t<div class=\"call-to-action__button\">\n\t\t\t\t\t\t<a class=\"btn  btn-primary\" href=\"https:\/\/yourcar.rentals\/fr\/book-cars\/\" target=\"_self\"><i class=\"fa fa-phone\"><\/i>  Reserve maintenant<\/a>\t\t\t\t\t<\/div>\n\t\t\t\t<\/div>\n\t\t\t<\/div><\/div><\/div><\/div><\/div><div id=\"pg-2842-7\"  class=\"panel-grid panel-no-style\" ><div id=\"pgc-2842-7-0\"  class=\"panel-grid-cell\" ><div id=\"panel-2842-7-0-0\" class=\"so-panel widget widget_sow-editor panel-first-child\" data-index=\"21\" ><div\n\t\t\t\n\t\t\tclass=\"so-widget-sow-editor so-widget-sow-editor-base\"\n\t\t\t\n\t\t>\n<div class=\"siteorigin-widget-tinymce textwidget\">\n\t<hr \/>\n<\/div>\n<\/div><\/div><div id=\"panel-2842-7-0-1\" class=\"so-panel widget widget_sow-editor\" data-index=\"22\" ><div\n\t\t\t\n\t\t\tclass=\"so-widget-sow-editor so-widget-sow-editor-base\"\n\t\t\t\n\t\t>\n<div class=\"siteorigin-widget-tinymce textwidget\">\n\t<h3 style=\"text-align: center; color: #0d6ed5;\">Des voitures luxueuses et premium \u00e0 louer sont propos\u00e9es \u00e0 des prix surprenants !<\/h3>\n<\/div>\n<\/div><\/div><div id=\"panel-2842-7-0-2\" class=\"so-panel widget widget_sow-image\" data-index=\"23\" ><div class=\"luxurious-cars-rental panel-widget-style panel-widget-style-for-2842-7-0-2\" id=\"luxurious-cars-rental\" ><div\n\t\t\t\n\t\t\tclass=\"so-widget-sow-image so-widget-sow-image-default-113ccd71f3e6-2842\"\n\t\t\t\n\t\t>\n<div class=\"sow-image-container\">\n\t\t<img \n\tsrc=\"https:\/\/yourcar.rentals\/wp-content\/uploads\/01-luxurious-cars-for-rent-thessaloniki-airport-halkidiki-2-1150x315-1.jpg\" width=\"1150\" height=\"315\" srcset=\"https:\/\/yourcar.rentals\/wp-content\/uploads\/01-luxurious-cars-for-rent-thessaloniki-airport-halkidiki-2-1150x315-1.jpg 1150w, https:\/\/yourcar.rentals\/wp-content\/uploads\/01-luxurious-cars-for-rent-thessaloniki-airport-halkidiki-2-1150x315-1-300x82.jpg 300w, https:\/\/yourcar.rentals\/wp-content\/uploads\/01-luxurious-cars-for-rent-thessaloniki-airport-halkidiki-2-1150x315-1-1024x280.jpg 1024w, https:\/\/yourcar.rentals\/wp-content\/uploads\/01-luxurious-cars-for-rent-thessaloniki-airport-halkidiki-2-1150x315-1-768x210.jpg 768w, https:\/\/yourcar.rentals\/wp-content\/uploads\/01-luxurious-cars-for-rent-thessaloniki-airport-halkidiki-2-1150x315-1-18x5.jpg 18w\" sizes=\"(max-width: 1150px) 100vw, 1150px\" title=\"Luxurious cars for rent in Thessaloniki Macedonia Greece\" alt=\"Des voitures luxueuses et haut de gamme \u00e0 louer sont propos\u00e9es \u00e0 des prix surprenants\" \t\tclass=\"so-widget-image\"\/>\n\t<\/div>\n\n<\/div><\/div><\/div><div id=\"panel-2842-7-0-3\" class=\"so-panel widget widget_sow-editor panel-last-child\" data-index=\"24\" ><div\n\t\t\t\n\t\t\tclass=\"so-widget-sow-editor so-widget-sow-editor-base\"\n\t\t\t\n\t\t>\n<div class=\"siteorigin-widget-tinymce textwidget\">\n\t<p style=\"text-align: center;\">... obtenez un devis gratuit pour nos services de location de voitures de luxe \u00e0 Thessaloniki - Halkidiki - Thessaloniki Airport<\/p>\n<\/div>\n<\/div><\/div><\/div><\/div><\/div>","protected":false},"excerpt":{"rendered":"<p>Louer une voiture \u00e0 THESSALONIQUE - A\u00e9roport de THESSALONIQUE et HALKIDIKI (Chalkidiki) Location de voitures Hyundai i20 CAT\u00c9GORIE A - Location de voitures Hyundai i20 ECONOMY R\u00e9servez votre voiture Location de voitures Chevrolet Aveo CAT\u00c9GORIE A - Location de voitures Chevrolet Aveo ECONOMY R\u00e9servez votre voiture CAT\u00c9GORIE FIAT Panda A \u2013 Voitures FIAT Panda ECONOMY pour \u2026<\/p>","protected":false},"author":1,"featured_media":0,"parent":0,"menu_order":0,"comment_status":"closed","ping_status":"closed","template":"","meta":{"_acf_changed":false,"footnotes":""},"class_list":{"0":"post-2842","1":"page","2":"type-page","3":"status-publish","5":"clearfix","6":"article"},"acf":[],"_links":{"self":[{"href":"https:\/\/yourcar.rentals\/fr\/wp-json\/wp\/v2\/pages\/2842","targetHints":{"allow":["GET"]}}],"collection":[{"href":"https:\/\/yourcar.rentals\/fr\/wp-json\/wp\/v2\/pages"}],"about":[{"href":"https:\/\/yourcar.rentals\/fr\/wp-json\/wp\/v2\/types\/page"}],"author":[{"embeddable":true,"href":"https:\/\/yourcar.rentals\/fr\/wp-json\/wp\/v2\/users\/1"}],"replies":[{"embeddable":true,"href":"https:\/\/yourcar.rentals\/fr\/wp-json\/wp\/v2\/comments?post=2842"}],"version-history":[{"count":0,"href":"https:\/\/yourcar.rentals\/fr\/wp-json\/wp\/v2\/pages\/2842\/revisions"}],"wp:attachment":[{"href":"https:\/\/yourcar.rentals\/fr\/wp-json\/wp\/v2\/media?parent=2842"}],"curies":[{"name":"wp","href":"https:\/\/api.w.org\/{rel}","templated":true}]}}